{"id":2223,"date":"2025-08-30T17:30:00","date_gmt":"2025-08-30T15:30:00","guid":{"rendered":"https:\/\/new.witczak.pl\/?page_id=2223"},"modified":"2026-05-10T10:30:48","modified_gmt":"2026-05-10T08:30:48","slug":"metodologia-nauk-o-zarzadzaniu","status":"publish","type":"page","link":"https:\/\/witczak.pl\/en\/metodologia-nauk-o-zarzadzaniu\/","title":{"rendered":"Management sciences methodology"},"content":{"rendered":"\n<table class=\"wp-block-table aligncenter\">\n<tbody>\n<tr>\n<td colspan=\"2\">\n<h4><strong>Publikacje z obszaru metodologii nauk o zarz\u0105dzaniu<\/strong><\/h4>\n<\/td>\n<\/tr>\n\n<tr>\n<td width=\"25%\">\n<figure>\n<img decoding=\"async\" class=\"alignnone size-full wp-image-5\" src=\"http:\/\/new.witczak.pl\/wp-content\/uploads\/2025\/05\/okladka_5.jpg\" alt=\"\" width=\"177\" height=\"265\"><\/figure>\n<\/td>\n<td><p span=\"\" style=\"color: black\">S\u0142awi\u0144ska Maria, Witczak Hubert (red.), <strong>Podstawy metodologiczne prac doktorskich w naukach ekonomicznych, wyd. II<\/strong>, 2012, Warszawa: Polskie Wydawnictwo Ekonomiczne, ISBN: 978-83-208-2028-7.<br><br>\n<p><p span=\"\" style=\"color: black\">Pe\u0142en tekst publikacji jest dost\u0119pny:<br>\n&#8211; <a href=\"https:\/\/www.researchgate.net\/publication\/380856032_Podstawy_metodologiczne_prac_doktorskich_w_naukach_ekonomicznych_wyd_II\"><span style=\"color: blue\"><strong>Researchgate<\/strong><\/a><br>\n&#8211; <a href=\"https:\/\/www.academia.edu\/121531569\/Podstawy_metodologiczne_prac_doktorskich_w_naukach_ekonomicznych_wyd_II_zm\"><span style=\"color: blue\"><strong>Academia.edu<\/strong><\/a><br><br>\n\nRozw\u00f3j studi\u00f3w doktoranckich (okre\u015blanych obecnie jako studia trzeciego stopnia) sprawia, \u017ce coraz wa\u017cniejsza jest wiedza o wymaganiach, jakie musi spe\u0142nia\u0107 rozprawa doktorska. Autorzy w ksi\u0105\u017cce przedstawili wi\u0119c:<br> &#8211; ekonomi\u0119 i zarz\u0105dzanie jako dyscypliny naukowe,<br>\n&#8211; formu\u0142owanie problem\u00f3w i twierdze\u0144 naukowych,<br>\n&#8211; metody rozwi\u0105zywania problem\u00f3w naukowych,<br>\n&#8211; istot\u0119 rozprawy doktorskiej w naukach ekonomicznych,<br>\n&#8211; metodyk\u0119 pisania prac doktorskich,<br>\n&#8211; kryteria oceny prac doktorskich.<br>\nKsi\u0105\u017cka jest przeznaczona dla doktorant\u00f3w uczelni i wydzia\u0142\u00f3w ekonomicznych, a tak\u017ce promotor\u00f3w rozpraw doktorskich.[opis Wydawcy&#8230;] <br><br>\n<p><p span=\"\" style=\"color: black\">W szczeg\u00f3lno\u015bci rozdzia\u0142y:<br>\n&#8211; Witczak Hubert, <strong>Problemy i twierdzenia naukowe<\/strong>, s. 53-75 <a href=\"http:\/\/new.witczak.pl\/wp-content\/uploads\/2025\/08\/Witczak_Problemy_i_twierdzenia_naukowe_53-81-1-1-1.pdf\"><span style=\"color: blue\"><strong>[pobierz]<\/strong><\/a><br>\n&#8211; Witczak Hubert, <strong>Twierdzenia naukowe<\/strong>, s. 78-91 <a href=\"http:\/\/new.witczak.pl\/wp-content\/uploads\/2025\/08\/Witczak_H_2012_Twierdzenia_naukowe.pdf\"><span style=\"color: blue\"><strong>[pobierz]<\/strong><\/a><br>\n&#8211; Witczak Hubert, <strong>Systemy twierdze\u0144 naukowych<\/strong>, s. 78-91 <a href=\"http:\/\/new.witczak.pl\/wp-content\/uploads\/2025\/08\/Witczak_H_2012_Systemy_twierdzen_naukowych_91-94.pdf\"><span style=\"color: blue\"><strong>[pobierz]<\/strong><\/a><br>\n<\/td>\n<\/tr>\n\n\n<tr>\n<td width=\"25%\">\n<figure>\n<img decoding=\"async\" class=\"alignnone size-full wp-image-6\" src=\"http:\/\/new.witczak.pl\/wp-content\/uploads\/2025\/05\/okladka_6.jpg\" alt=\"\" width=\"177\" height=\"265\"><\/figure>\n<\/td>\n<td><p span=\"\" style=\"color: black\">S\u0142awi\u0144ska Maria, Witczak Hubert (red.), <strong>Podstawy metodologiczne prac doktorskich w naukach ekonomicznych<\/strong>, 2008, Warszawa: Polskie Wydawnictwo Ekonomiczne, ISBN: 9788320817607.<br><br>\n<p><p span=\"\" style=\"color: black\">Pe\u0142en tekst publikacji jest dost\u0119pny:<br>\n&#8211; <a href=\"https:\/\/www.researchgate.net\/publication\/341278968_Podstawy_metodologiczne_prac_doktorskich_w_naukach_ekonomicznych\"><span style=\"color: blue\"><strong>Researchgate<\/strong><\/a><br>\n&#8211; <a href=\"https:\/\/www.academia.edu\/63547531\/Podstawy_metodologiczne_prac_doktorskich_w_naukach_ekonomicznych\"><span style=\"color: blue\"><strong>Academia.edu<\/strong><\/a><br>\n&#8211; <a href=\"https:\/\/scholar.google.com\/citations?view_op=view_citation&#038;hl=pl&#038;user=p4Ub0_UAAAAJ&#038;cstart=20&#038;pagesize=80&#038;sortby=pubdate&#038;citation_for_view=p4Ub0_UAAAAJ:d1gkVwhDpl0C\"><span style=\"color: blue\"><strong>Google Scholar<\/strong><\/a><br><br>\n\nStudia doktoranckie maj\u0105 za zadanie przygotowa\u0107 doktorant\u00f3w do samodzielnej dzia\u0142alno\u015bci badawczej i tw\u00f3rczej oraz do uzyskania stopnia naukowego doktora. W zwi\u0105zku z tym w \u015brodowisku akademickim cz\u0119sto s\u0105 stawiane pytania o wymagania, jakie ma spe\u0142nia\u0107 rozprawa doktorska w naukach ekonomicznych. Autorzy Podstaw metodologicznych prac doktorskich w naukach ekonomicznych przedstawili w spos\u00f3b uporz\u0105dkowany podstawowe zagadnienia dotycz\u0105ce metodologii prac doktorskich, a zw\u0142aszcza: zwi\u0105zki mi\u0119dzy ekonomi\u0105 a naukami o zarz\u0105dzaniu problemy, hipotezy i twierdzenia naukowe oraz techniki procesu naukowego wybrane metody rozwi\u0105zywania problem\u00f3w naukowych metodyk\u0119 pisania prac doktorskich oraz kryteria ich oceny. [opis Wydawcy&#8230;] \n<\/td>\n<\/tr>\n\n\n\n<tr>\n<td width=\"25%\">\n<figure>\n<img decoding=\"async\" class=\"alignnone size-full wp-image-9\" src=\"http:\/\/new.witczak.pl\/wp-content\/uploads\/2025\/05\/okladka_book.jpg\" alt=\"\" width=\"177\" height=\"265\"><\/figure>\n<\/td>\n<td><p span=\"\" style=\"color: black\">Witczak Hubert, <strong>U podstaw twierdze\u0144 nauki o zarz\u0105dzaniu<\/strong> [w:] Podstawy metodologiczne prac doktorskich w naukach ekonomicznych, S\u0142awi\u0144ska M., (red.), 2006, Pozna\u0144: Wydawnictwo Akademii Ekonomicznej w Poznaniu, s. 135-151.<br><br>\n<p><p span=\"\" style=\"color: black\">Pe\u0142en tekst publikacji jest dost\u0119pny:<br>\n&#8211; <a href=\"https:\/\/www.researchgate.net\/publication\/341278659_U_podstaw_twierdzen_nauki_o_zarzadzaniu\"><span style=\"color: blue\"><strong>Researchgate<\/strong><\/a><br>\n&#8211; <a href=\"https:\/\/www.academia.edu\/121533146\/U_podstaw_twierdze%C5%84_nauki_o_zarz%C4%85dzaniu\"><span style=\"color: blue\"><strong>Academia.edu<\/strong><\/a><br>\n<\/td>\n<\/tr>\n\n<tr>\n<td width=\"25%\">\n<figure>\n<img loading=\"lazy\" decoding=\"async\" class=\"alignnone size-full wp-image-5\" src=\"http:\/\/new.witczak.pl\/wp-content\/uploads\/2025\/05\/okladka_5-1.jpg\" alt=\"\" width=\"177\" height=\"265\"><\/figure>\n<\/td>\n<td><p span=\"\" style=\"color: black\">Witczak Hubert, <strong>Problem naukowy jako podstawa aktywno\u015bci naukowej w nauce o zarz\u0105dzaniu<\/strong>, Zeszyty Naukowe Akademii Ekonomicznej w Poznaniu, 2006, nr 81, s. 605-615.<br><br>\n<p><p span=\"\" style=\"color: black\">Pe\u0142en tekst publikacji jest dost\u0119pny:<br>\n&#8211; <a href=\"https:\/\/www.researchgate.net\/publication\/341278000_Problem_naukowy_jako_podstawa_aktywnosci_naukowej_w_nauce_o_zarzadzaniu\"><span style=\"color: blue\"><strong>Researchgate<\/strong><\/a><br>\n&#8211; <a href=\"https:\/\/www.academia.edu\/63547513\/Problem_naukowy_jako_podstawa_aktywno%C5%9Bci_naukowej_w_nauce_o_zarz%C4%85dzaniu\"><span style=\"color: blue\"><strong>Academia.edu<\/strong><\/a><br>\n&#8211; <a href=\"https:\/\/scholar.google.com\/citations?view_op=view_citation&#038;hl=pl&#038;user=p4Ub0_UAAAAJ&#038;cstart=20&#038;pagesize=80&#038;sortby=pubdate&#038;citation_for_view=p4Ub0_UAAAAJ:Y0pCki6q_DkC\"><span style=\"color: blue\"><strong>Google Scholar<\/strong><\/a><br><br>\n\nW artykule przedstawiono systemowe cechy naukowo\u015bci. Om\u00f3wiono sens aktywno\u015bci naukowej, wymagania naukowo\u015bci, system i proces naukowy oraz podstawowe operacje naukowe. Nast\u0119pnie ukazano naukowo\u015b\u0107 problem\u00f3w w nauce o zarz\u0105dzaniu, zaprezentowano cechy problemu naukowego oraz kr\u00f3tko opisano identyfikowanie problem\u00f3w naukowych.\n<\/td>\n<\/tr>\n\n\n<tr>\n<td width=\"25%\">\n<figure>\n<img loading=\"lazy\" decoding=\"async\" class=\"alignnone size-full wp-image-9\" src=\"http:\/\/new.witczak.pl\/wp-content\/uploads\/2026\/05\/Zrzut-ekranu-2026-05-10-102144.png\" alt=\"\" width=\"177\" height=\"265\"><\/figure>\n<\/td>\n<td><p span=\"\" style=\"color: black\">Witczak Hubert, <strong>Teoretyczno-metodologiczne podstawy zarz\u0105dzania ochron\u0105 \u015brodowiska<\/strong> [w:] Problemy organizacji i zarz\u0105dzania ochron\u0105 \u015brodowiska w Polsce, Zimniewicz K., (red.), 1990, Warszawa-Pozna\u0144: PWN.<br><br>\n\nCz\u0142owiek i spo\u0142eczno\u015bci ludzkie nale\u017c\u0105 do system\u00f3w wzgl\u0119dnie odosobnionych, co oznacza \u017ce \u017cyj\u0105 w okre\u015blonym otoczeniu i dzi\u0119ki okre\u015blonemu \u015brodowisku. Takie postawienie sprawy pokazuje przemo\u017cny wp\u0142yw \u015brodowiska na ludzi, ale z drugiej strony zwraca uwag\u0119 na sprz\u0119\u017cenia zwrotne. O ile \u015brodowisko stanowi dla cz\u0142owieka uniwersum, o tyle przy pewnej rozleg\u0142o\u015bci i pasywno\u015bci wzajemnych stosunk\u00f3w mo\u017ce doj\u015b\u0107 do sytuacji, w kt\u00f3rej dzia\u0142alno\u015b\u0107 ludzka zak\u0142\u00f3ca, a nawet niszczy w\u0142asne \u015brodowisko. Dzi\u015b, na skutek wyczerpywania si\u0119 zasob\u00f3w i niefrasobliwo\u015bci gwa\u0142townego przyspieszenia cywilizacyjnego, dekonstrukcja osi\u0105gn\u0119\u0142a poziom lokalny, ale w skali planety. Problematyka zarz\u0105dzania ochron\u0105 \u015brodowiska nie by\u0142a do tej pory przedmiotem refleksji teoretycznej i metodologicznej. Jej podj\u0119cie ma istotny walor, przede wszystkim praktyczny, zarz\u0105dzanie jest bowiem zasadniczym czynnikiem wdra\u017cania modeli ochrony oraz warunkiem jej sprawno\u015bci. W tym kontek\u015bcie rozwa\u017cania sprowadzaj\u0105 si\u0119 do problemu teoretyczno\u2014metodologicznych podstaw zarz\u0105dzania ochron\u0105 \u015brodowiska, w szczeg\u00f3lno\u015bci usytuowania ochrony \u015brodowiska w strukturze dzia\u0142a\u0144 ludzkich, okre\u015blenia istoty zarz\u0105dzania ochron\u0105 udowiska oraz podj\u0119cia kwestii modeli i metod zarz\u0105dzania ochron\u0105 \u015brodowiska ujmowanych w \u015bwietle teorii organizacji i zarz\u0105dzania oraz teorii system\u00f3w.\n<\/td>\n<\/tr>\n\n<\/tbody>\n<\/table>\n","protected":false},"excerpt":{"rendered":"<p>Publikacje z obszaru metodologii nauk o zarz\u0105dzaniu S\u0142awi\u0144ska Maria, Witczak Hubert (red.), Podstawy metodologiczne prac doktorskich w naukach ekonomicznych, wyd. II, 2012, Warszawa: Polskie Wydawnictwo Ekonomiczne, ISBN: 978-83-208-2028-7. Pe\u0142en tekst publikacji jest dost\u0119pny: &#8211; Researchgate &#8211; Academia.edu Rozw\u00f3j studi\u00f3w doktoranckich (okre\u015blanych obecnie jako studia trzeciego stopnia) sprawia, \u017ce coraz wa\u017cniejsza jest wiedza o wymaganiach, jakie&hellip; <br \/> <a class=\"read-more\" href=\"https:\/\/witczak.pl\/en\/metodologia-nauk-o-zarzadzaniu\/\">Read more<\/a><\/p>","protected":false},"author":5,"featured_media":0,"parent":0,"menu_order":0,"comment_status":"closed","ping_status":"closed","template":"","meta":{"_acf_changed":false,"footnotes":""},"class_list":["post-2223","page","type-page","status-publish","hentry"],"acf":[],"_links":{"self":[{"href":"https:\/\/witczak.pl\/en\/wp-json\/wp\/v2\/pages\/2223","targetHints":{"allow":["GET"]}}],"collection":[{"href":"https:\/\/witczak.pl\/en\/wp-json\/wp\/v2\/pages"}],"about":[{"href":"https:\/\/witczak.pl\/en\/wp-json\/wp\/v2\/types\/page"}],"author":[{"embeddable":true,"href":"https:\/\/witczak.pl\/en\/wp-json\/wp\/v2\/users\/5"}],"replies":[{"embeddable":true,"href":"https:\/\/witczak.pl\/en\/wp-json\/wp\/v2\/comments?post=2223"}],"version-history":[{"count":10,"href":"https:\/\/witczak.pl\/en\/wp-json\/wp\/v2\/pages\/2223\/revisions"}],"predecessor-version":[{"id":2308,"href":"https:\/\/witczak.pl\/en\/wp-json\/wp\/v2\/pages\/2223\/revisions\/2308"}],"wp:attachment":[{"href":"https:\/\/witczak.pl\/en\/wp-json\/wp\/v2\/media?parent=2223"}],"curies":[{"name":"wp","href":"https:\/\/api.w.org\/{rel}","templated":true}]}}