{"id":2158,"date":"2025-08-30T10:34:28","date_gmt":"2025-08-30T08:34:28","guid":{"rendered":"https:\/\/new.witczak.pl\/?page_id=2158"},"modified":"2025-08-30T16:38:48","modified_gmt":"2025-08-30T14:38:48","slug":"systemy-zarzadzania","status":"publish","type":"page","link":"https:\/\/witczak.pl\/en\/systemy-zarzadzania\/","title":{"rendered":"Management systems"},"content":{"rendered":"\n<table class=\"wp-block-table aligncenter\">\n<tbody>\n<tr>\n<td colspan=\"2\">\n<h4><strong>Publikacje z obszaru system\u00f3w zarz\u0105dzania<\/strong><\/h4>\n<\/td>\n<\/tr>\n\n<tr>\n<td width=\"25%\">\n<figure>\n<img decoding=\"async\" class=\"alignnone size-full wp-image-9\" src=\"http:\/\/new.witczak.pl\/wp-content\/uploads\/2025\/08\/okladka_kierunki_ewolucji_nauk_o_zarz.jpg\" alt=\"\" width=\"177\" height=\"265\"><\/figure>\n<\/td>\n<td><p span=\"\" style=\"color: black\">Witczak Hubert, <strong>O systemowo\u015bci zarz\u0105dzania<\/strong> [w:] Kierunki ewolucji nauk o zarz\u0105dzaniu, Budzanowska-Drzewiecka M., Czernek K., (red.), Krak\u00f3w: Wyd. Uniwersytetu Jagiello\u0144skiego, 2018, s. 25-37.<br><br>\n<p><p span=\"\" style=\"color: black\">Pe\u0142en tekst publikacji jest dost\u0119pny:<br>\n&#8211; <a href=\"http:\/\/new.witczak.pl\/wp-content\/uploads\/2025\/08\/HW-O-systemowosci-zarzadzania-2018.pdf\"><span style=\"color: blue\"><strong>TUTAJ<\/strong><\/a><br>\n&#8211; <a href=\"https:\/\/scholar.google.com\/citations?view_op=view_citation&#038;hl=pl&#038;user=p4Ub0_UAAAAJ&#038;sortby=pubdate&#038;citation_for_view=p4Ub0_UAAAAJ:isC4tDSrTZIC\"><span style=\"color: blue\"><strong>Google Scholar<\/strong><\/a><br>\n<\/td>\n<\/tr>\n\n\n<tr>\n<td width=\"25%\">\n<figure>\n<img decoding=\"async\" class=\"alignnone size-full wp-image-9\" src=\"http:\/\/new.witczak.pl\/wp-content\/uploads\/2025\/05\/okladka_book.jpg\" alt=\"\" width=\"177\" height=\"265\"><\/figure>\n<\/td>\n<td><p span=\"\" style=\"color: black\">Witczak Hubert, <strong>Istota systemu zarz\u0105dzania<\/strong>, 2016, <br>\n<p><p span=\"\" style=\"color: black\">Pe\u0142en tekst publikacji jest dost\u0119pny:<br>\n&#8211; <a href=\"http:\/\/new.witczak.pl\/wp-content\/uploads\/2025\/08\/HW-Istota-SZ-Glowny-1-190716.pdf\"><span style=\"color: blue\"><strong>TUTAJ<\/strong><\/a><br>\n<\/td>\n<\/tr>\n\n\n<tr>\n<td width=\"25%\">\n<figure>\n<img decoding=\"async\" class=\"alignnone size-full wp-image-13\" src=\"http:\/\/new.witczak.pl\/wp-content\/uploads\/2025\/05\/okladka_press.jpg\" alt=\"\" width=\"177\" height=\"265\"><\/figure>\n<\/td>\n<td><p span=\"\" style=\"color: black\">Witczak Hubert, <strong>Skrzynka narz\u0119dziowa mened\u017cera w systemie zarz\u0105dzania<\/strong>, Zeszyty Naukowe Uniwersytetu Ekonomicznego w Poznaniu, 2010, nr 148, s. 141-171.<br><br>\n<p><p span=\"\" style=\"color: black\">Pe\u0142en tekst publikacji jest dost\u0119pny:<br>\n&#8211; <a href=\"https:\/\/www.researchgate.net\/publication\/380132745_Skrzynka_narzedziowa_menedzera_w_systemie_zarzadzania\"><span style=\"color: blue\"><strong>Researchgate<\/strong><\/a><br>\n&#8211; <a href=\"https:\/\/www.academia.edu\/51725165\/Skrzynka_narz%C4%99dziowa_mened%C5%BCera_w_systemie_zarz%C4%85dzania\"><span style=\"color: blue\"><strong>Academia.edu<\/strong><\/a><br>\n&#8211; <a href=\"https:\/\/bazekon.uek.krakow.pl\/zeszyty\/171205845\"><span style=\"color: blue\"><strong>strona czasopisma<\/strong><\/a><br>\n&#8211; <a href=\"https:\/\/scholar.google.com\/citations?view_op=view_citation&#038;hl=pl&#038;user=p4Ub0_UAAAAJ&#038;cstart=20&#038;pagesize=80&#038;sortby=pubdate&#038;citation_for_view=p4Ub0_UAAAAJ:Tyk-4Ss8FVUC\"><span style=\"color: blue\"><strong>Google Scholar<\/strong><\/a><br><br>\n\nAutor przeprowadza analiz\u0119 por\u00f3wnawcz\u0105 skrzynki narz\u0119dziowej mened\u017cera w systemie zarz\u0105dzania. Skrzynka narz\u0119dziowa mened\u017cera jest tworem o statusie zale\u017cnym od d\u0105\u017ce\u0144 mened\u017cera, jego doktryny, specyfiki systemu zarz\u0105dzanego oraz okoliczno\u015bci. Jest on z\u0142o\u017cony, otwarty, rozmyty, hybrydowy i zmienny zbi\u00f3r raczej ni\u017c podsystem. Dopiero na tle systemu zarz\u0105dzania jako ca\u0142o\u015bci ujawnia si\u0119 systemowy tak\u017ce charakter skrzynki narz\u0119dziowej mened\u017cera. (fragment tekstu)\n<\/td>\n<\/tr>\n\n\n<tr>\n<td width=\"25%\">\n<figure>\n<img loading=\"lazy\" decoding=\"async\" class=\"alignnone size-full wp-image-1\" src=\"http:\/\/new.witczak.pl\/wp-content\/uploads\/2025\/03\/okladka_1.jpg\" alt=\"\" width=\"177\" height=\"265\"><\/figure>\n<\/td>\n<td><p span=\"\" style=\"color: black\">Witczak Hubert, <strong>Natura i kszta\u0142towanie systemu zarz\u0105dzania przedsi\u0119biorstwem<\/strong>, 2008, Warszawa: Wydawnictwo Naukowe PWN, ISBN: 978-83-011-5559-9<br><br>\n<p><p span=\"\" style=\"color: black\">Pe\u0142en tekst publikacji jest dost\u0119pny:<br>\n&#8211; <a href=\"https:\/\/www.researchgate.net\/publication\/341278899_Natura_i_ksztaltowanie_systemu_zarzadzania_przedsiebiorstwem\"><span style=\"color: blue\"><strong>Researchgate<\/strong><\/a><br>\n&#8211; <a href=\"https:\/\/www.academia.edu\/63547537\/Natura_i_kszta%C5%82towanie_systemu_zarz%C4%85dzania_przedsi%C4%99biorstwem\"><span style=\"color: blue\"><strong>Academia.edu<\/strong><\/a><br>\n&#8211; <a href=\"https:\/\/scholar.google.com\/citations?view_op=view_citation&#038;hl=pl&#038;user=p4Ub0_UAAAAJ&#038;cstart=20&#038;pagesize=80&#038;sortby=pubdate&#038;citation_for_view=p4Ub0_UAAAAJ:u-x6o8ySG0sC\"><span style=\"color: blue\"><strong>Google Scholar<\/strong><\/a><br><br>\n\nPraca niniejsza jest pr\u00f3b\u0105 syntezy wiedzy poznawczej dotycz\u0105cej systemu zarz\u0105dzania przedsi\u0119biorstwem (SZP) jako kategorii. Z tego te\u017c powodu, co jest naturalne, poczynili\u015bmy pewne uproszczenia; niekt\u00f3re zagadnienia zosta\u0142y zaledwie podniesione. Poznawczy problem naukowy definiujemy jako trudno\u015b\u0107 poradzenia sobie ze stanem niewiedzy naukowej w danej dziedzinie i w takim znaczeniu b\u0119dziemy odt\u0105d u\u017cywa\u0107 tego terminu. Zakresami tematycznymi, kt\u00f3re wyznaczyli\u015bmy w celu lepszego opisania tak postrzeganej luki w wiedzy naukowej, s\u0105:<br>\n1) istniej\u0105cy (o ile istnieje) paradygmat twierdze\u0144 naukowych;<br>\n2) okre\u015blenie dziedziny, tre\u015bci, rozmiar\u00f3w i typu stanu niewiedzy;<br>\n3) stwierdzenie naukowo\u015bci danego stanu niewiedzy; <br>\n4) ustalenie stosunku stanu niewiedzy do dotychczasowych pr\u00f3b jego rozwi\u0105zania i innych problem\u00f3w naukowych. [ze Wst\u0119pu&#8230;] \n<\/td>\n<\/tr>\n\n\n<tr>\n<td width=\"25%\">\n<figure>\n<img loading=\"lazy\" decoding=\"async\" class=\"alignnone size-full wp-image-6\" src=\"http:\/\/new.witczak.pl\/wp-content\/uploads\/2025\/05\/172252.jpg\" alt=\"\" width=\"177\" height=\"265\"><\/figure>\n<\/td>\n<td><p span=\"\" style=\"color: black\">Witczak Hubert, <strong>Istota systemu zarz\u0105dzania przedsi\u0119biorstwem w literaturze<\/strong>, Prace Naukowe Akademii Ekonomicznej im. Oskara Langego we Wroc\u0142awiu, 2007, nr 1184, s. 38-47.<br><br>\n<p><p span=\"\" style=\"color: black\">Pe\u0142en tekst publikacji jest dost\u0119pny:<br>\n&#8211; <a href=\"https:\/\/www.researchgate.net\/publication\/341278028_Istota_systemu_zarzadzania_przedsiebiorstwem_w_literaturze\"><span style=\"color: blue\"><strong>Researchgate<\/strong><\/a><br>\n&#8211; <a href=\"oai:dbc.wroc.pl:136060\"><span style=\"color: blue\"><strong>strona czasopisma w Dolno\u015bl\u0105skiej Bibliotece Cyfrowej<\/strong><\/a><br>\n&#8211; <a href=\"https:\/\/scholar.google.com\/citations?view_op=view_citation&#038;hl=pl&#038;user=p4Ub0_UAAAAJ&#038;cstart=20&#038;pagesize=80&#038;sortby=pubdate&#038;citation_for_view=p4Ub0_UAAAAJ:UeHWp8X0CEIC\"><span style=\"color: blue\"><strong>Google Scholar<\/strong><\/a><br><br>\n\nCelem autora by\u0142o ustalenie stanu naukowej wiedzy poznawczej w dziedzinie systemu zarz\u0105dzania przedsi\u0119biorstwem. Zdaniem autora, sens takiego opracowania wynika z przekonania, \u017ce wiedza poznawcza powinna by\u0107 najpowa\u017cniejszym \u017ar\u00f3d\u0142em informacji normatywnej i praktyki zarz\u0105dzania.\n<\/td>\n<\/tr>\n\n\n<tr>\n<td width=\"25%\">\n<figure>\n<img loading=\"lazy\" decoding=\"async\" class=\"alignnone size-full wp-image-26\" src=\"http:\/\/new.witczak.pl\/wp-content\/uploads\/2025\/05\/okladka_27.jpg\" alt=\"\" width=\"177\" height=\"265\"><\/figure>\n<\/td>\n<td><p span=\"\" style=\"color: black\">Witczak Hubert, <strong>Wprowadzenie do projektowania system\u00f3w zarz\u0105dzania<\/strong>, Skrypty Uczelniane Akademii Ekonomicznej w Poznaniu, 1991, nr 382, s. 61-77.<br><br>\n<p><p span=\"\" style=\"color: black\">Pe\u0142en tekst publikacji jest dost\u0119pny:<br>\n&#8211; <a href=\"https:\/\/www.researchgate.net\/publication\/380151580_Wprowadzenie_do_projektowania_systemow_zarzadzania\"><span style=\"color: blue\"><strong>Researchgate<\/strong><\/a><br>\n&#8211; <a href=\"https:\/\/scholar.google.com\/citations?view_op=view_citation&#038;hl=pl&#038;user=p4Ub0_UAAAAJ&#038;cstart=20&#038;pagesize=80&#038;sortby=pubdate&#038;citation_for_view=p4Ub0_UAAAAJ:ns9cj8rnVeAC\"><span style=\"color: blue\"><strong>Google Scholar<\/strong><\/a><br>\n<\/td>\n<\/tr>\n\n<tr>\n<td width=\"25%\">\n<figure>\n<img decoding=\"async\" class=\"alignnone size-full wp-image-9\" src=\"http:\/\/new.witczak.pl\/wp-content\/uploads\/2025\/05\/okladka_book.jpg\" alt=\"\" width=\"177\" height=\"265\"><\/figure>\n<\/td>\n<td><p span=\"\" style=\"color: black\">Mendel Tadeusz, Witczak Hubert, <strong>Projektowanie system\u00f3w zarz\u0105dzania: materia\u0142y pomocnicze do wyk\u0142ad\u00f3w i \u0107wicze\u0144<\/strong>, 1982, Pozna\u0144: Wydawnictwo Akademii Ekonomicznej w Poznaniu.<br><br>\n<p><p span=\"\" style=\"color: black\">Pe\u0142en tekst publikacji jest dost\u0119pny:<br>\n&#8211; <a href=\"https:\/\/www.researchgate.net\/publication\/341278322_Projektowanie_systemow_zarzadzania_materialy_pomocnicze_do_wykladow_i_cwiczen_Tadeusz_Mendel_Hubert_Witczak\"><span style=\"color: blue\"><strong>Researchgate<\/strong><\/a><br>\n&#8211; <a href=\"https:\/\/scholar.google.com\/citations?view_op=view_citation&#038;hl=pl&#038;user=p4Ub0_UAAAAJ&#038;cstart=20&#038;pagesize=80&#038;sortby=pubdate&#038;citation_for_view=p4Ub0_UAAAAJ:IWHjjKOFINEC\"><span style=\"color: blue\"><strong>Google Scholar<\/strong><\/a><br>\n<\/td>\n<\/tr>\n\n\n<\/tbody>\n<\/table>\n\n\n\n<p><\/p>\n","protected":false},"excerpt":{"rendered":"<p>Publikacje z obszaru system\u00f3w zarz\u0105dzania Witczak Hubert, O systemowo\u015bci zarz\u0105dzania [w:] Kierunki ewolucji nauk o zarz\u0105dzaniu, Budzanowska-Drzewiecka M., Czernek K., (red.), Krak\u00f3w: Wyd. Uniwersytetu Jagiello\u0144skiego, 2018, s. 25-37. Pe\u0142en tekst publikacji jest dost\u0119pny: &#8211; TUTAJ &#8211; Google Scholar Witczak Hubert, Istota systemu zarz\u0105dzania, 2016, Pe\u0142en tekst publikacji jest dost\u0119pny: &#8211; TUTAJ Witczak Hubert, Skrzynka narz\u0119dziowa&hellip; <br \/> <a class=\"read-more\" href=\"https:\/\/witczak.pl\/en\/systemy-zarzadzania\/\">Read more<\/a><\/p>\n","protected":false},"author":5,"featured_media":0,"parent":0,"menu_order":0,"comment_status":"closed","ping_status":"closed","template":"","meta":{"_acf_changed":false,"footnotes":""},"class_list":["post-2158","page","type-page","status-publish","hentry"],"acf":[],"_links":{"self":[{"href":"https:\/\/witczak.pl\/en\/wp-json\/wp\/v2\/pages\/2158","targetHints":{"allow":["GET"]}}],"collection":[{"href":"https:\/\/witczak.pl\/en\/wp-json\/wp\/v2\/pages"}],"about":[{"href":"https:\/\/witczak.pl\/en\/wp-json\/wp\/v2\/types\/page"}],"author":[{"embeddable":true,"href":"https:\/\/witczak.pl\/en\/wp-json\/wp\/v2\/users\/5"}],"replies":[{"embeddable":true,"href":"https:\/\/witczak.pl\/en\/wp-json\/wp\/v2\/comments?post=2158"}],"version-history":[{"count":10,"href":"https:\/\/witczak.pl\/en\/wp-json\/wp\/v2\/pages\/2158\/revisions"}],"predecessor-version":[{"id":2204,"href":"https:\/\/witczak.pl\/en\/wp-json\/wp\/v2\/pages\/2158\/revisions\/2204"}],"wp:attachment":[{"href":"https:\/\/witczak.pl\/en\/wp-json\/wp\/v2\/media?parent=2158"}],"curies":[{"name":"wp","href":"https:\/\/api.w.org\/{rel}","templated":true}]}}