{"id":2061,"date":"2025-05-25T11:59:05","date_gmt":"2025-05-25T09:59:05","guid":{"rendered":"http:\/\/new.witczak.pl\/?page_id=2061"},"modified":"2026-04-19T12:04:50","modified_gmt":"2026-04-19T10:04:50","slug":"wazniejsze-publikacje","status":"publish","type":"page","link":"https:\/\/witczak.pl\/en\/wazniejsze-publikacje\/","title":{"rendered":"Major publications"},"content":{"rendered":"\n<p class=\"has-black-color has-text-color has-link-color has-medium-font-size wp-elements-6549a44f18ceed29d63a8895417b6337\">Poni\u017cej znajd\u0105 Pa\u0144stwo wybrane publikacje ze 121 pozycji og\u00f3\u0142em.<\/p>\n\n\n\n<ol start=\"1\" class=\"wp-block-list\">\n<li class=\"has-black-color has-text-color has-link-color wp-elements-f7027c61fc6b3a57544eac94b6cd9003\">Fr\u0105ckowiak Waldemar, Skalec L., Witczak Hubert, (1975). <em>Kryzys przyspiesza zmiany<\/em>, \u017bycie Gospodarcze, 3\/1975.<\/li>\n\n\n\n<li class=\"has-black-color has-text-color has-link-color wp-elements-6e8f8bf7c9be6d93253eb26b6a96f8eb\">Fr\u0105ckowiak Waldemar, Witczak Hubert, (1979).&nbsp;<em>Wybrane warunki skutecznego sterowania rozwojem przemys\u0142u<\/em>, Acta Universitatis Lodziensis, Zeszyty Naukowe Uniwersytetu \u0141\u00f3dzkiego, Nauki Ekonomiczne i Socjologiczne &#8211; seria III, zeszyt 37, s. 111-129.<\/li>\n\n\n\n<li class=\"has-black-color has-text-color has-link-color wp-elements-8128ad01028e7875255174b049dde452\">Witczak Hubert, (1981).&nbsp;<em>Czynniki organizacji<\/em>, Zeszyty Naukowe Akademii Ekonomicznej w Poznaniu &#8211; seria 1, nr 101, s. 23-39.<\/li>\n\n\n\n<li class=\"has-black-color has-text-color has-link-color wp-elements-d113973468fc87e3d56db287eaf521c3\">Mendel Tadeusz, Witczak Hubert, (1982).&nbsp;<em>Projektowanie system\u00f3w zarz\u0105dzania: materia\u0142y pomocnicze do wyk\u0142ad\u00f3w i \u0107wicze\u0144<\/em>, Pozna\u0144: Wydawnictwo Akademii Ekonomicznej w Poznaniu, skrypty uczelniane, zeszyt 314.<\/li>\n\n\n\n<li class=\"has-black-color has-text-color has-link-color wp-elements-a2dd9dd18d741e6768752e67b6c23cbb\">Witczak Hubert, (1984).&nbsp;<em>Organizacyjne uwarunkowania strategii przedsi\u0119biorstwa wobec otoczenia<\/em>, Zeszyty Naukowe Akademii Ekonomicznej w Poznaniu &#8211; seria 1, nr 113, s. 40-60.<\/li>\n\n\n\n<li class=\"has-black-color has-text-color has-link-color wp-elements-545aba96e65434b9f7a723af7627897b\">Witczak Hubert, (1987). <em>Polityka kadrowa w systemie zarz\u0105dzania przedsi\u0119biorstwem<\/em>, w: J. Orczyk (red.), <em>Podstawy polityki kadrowej w przedsi\u0119biorstwie<\/em>, Warszawa-Pozna\u0144: Wydawnictwo Naukowe PWN.<\/li>\n\n\n\n<li class=\"has-black-color has-text-color has-link-color wp-elements-acb0559227a122bca02c7123999a4254\">Witczak Hubert, (1987). <em>Strukturalne uwarunkowania zachowa\u0144 podmiot\u00f3w gospodarczych i ich skutki<\/em>, w: H. Januszek (red.), <em>Kszta\u0142towanie si\u0119 stanu i struktury organizacyjnej zak\u0142adu pracy<\/em>, Pozna\u0144: Zak\u0142ad Socjologii AE w Poznaniu, TNOiK.<\/li>\n\n\n\n<li class=\"has-black-color has-text-color has-link-color wp-elements-169807d22f5dee218314fa4fb91db69f\">Witczak Hubert, (1990). <em>Teoretyczno-metodologiczne podstawy zarz\u0105dzania ochron\u0105 \u015brodowiska<\/em>, w: K. Zimniewicz (red.), <em>Problemy organizacji i zarz\u0105dzania ochron\u0105 \u015brodowiska w Polsce<\/em>, Warszawa: Wydawnictwo Naukowe PWN.<\/li>\n\n\n\n<li class=\"has-black-color has-text-color has-link-color wp-elements-c289b1737b30d4ed26f5440943f8bf9c\">Witczak Hubert, (1991).&nbsp;<em>Strategiczne uzale\u017cnienia dzia\u0142alno\u015bci przedsi\u0119biorstw<\/em>, Zeszyty Naukowe Akademii Ekonomicznej w Poznaniu &#8211; seria 1, nr 160, s. 69-82.<\/li>\n\n\n\n<li class=\"has-black-color has-text-color has-link-color wp-elements-235d1a610be0a7ee51b7a551f328ef3d\">Witczak Hubert, (1991).&nbsp;<em>Wprowadzenie do projektowania system\u00f3w zarz\u0105dzania<\/em>, Skrypty Uczelniane Akademii Ekonomicznej w Poznaniu, nr 382, s. 61-77.<\/li>\n\n\n\n<li class=\"has-black-color has-text-color has-link-color wp-elements-da3660a8831832734550a24587f2aa28\">Witczak Hubert, (1992). <em>Zarz\u0105dzanie kadrami w systemie zarz\u0105dzania przedsi\u0119biorstwem<\/em>, w: J. Orczyk (red.), <em>Zarz\u0105dzanie kadrami w przedsi\u0119biorstwie. Metody i techniki<\/em>, Pozna\u0144: Akademos.<\/li>\n\n\n\n<li class=\"has-black-color has-text-color has-link-color wp-elements-e8b588ecd36714f797a4b06e9ad792bb\">Witczak Hubert, (1995). <em>Metodyka podstaw formu\u0142owania strategii przedsi\u0119biorstwa<\/em>, Zeszyty Naukowe Akademii Ekonomicznej w Poznaniu &#8211; seria 1, nr 236, s. 73-88.<\/li>\n\n\n\n<li class=\"has-black-color has-text-color has-link-color wp-elements-676ad26673bb633755132dd7f648e4b2\">Witczak Hubert, (2003).&nbsp;<em>Systematyzacja teorii organizacji i zarz\u0105dzania,<\/em> Zeszyty Naukowe Akademii Ekonomicznej w Poznaniu, nr 33, s. 100-116.<\/li>\n\n\n\n<li class=\"has-black-color has-text-color has-link-color wp-elements-be930b7fe92ecf37270e746735d3cbc3\">Witczak Hubert, (2004).&nbsp;<em>Implementacja w zarz\u0105dzaniu strategicznym<\/em>, Zeszyty Naukowe Akademii Ekonomicznej w Poznaniu, nr 43, s. 85-107.<\/li>\n\n\n\n<li class=\"has-black-color has-text-color has-link-color wp-elements-1183ef3202b380763b3849734fc8a0f6\">Urbanowska-Sojkin El\u017cbieta, Banaszyk Piotr, Witczak Hubert, (2004).&nbsp;<em>Zarz\u0105dzanie strategiczne przedsi\u0119biorstwem<\/em>, Warszawa: Polskie Wydawnictwo Ekonomiczne, ISBN: 8321014960.<\/li>\n\n\n\n<li class=\"has-black-color has-text-color has-link-color wp-elements-71773013077530e9ac06331cfa74d83f\">Witczak Hubert, (2006). <em>U podstaw twierdze\u0144 nauki o zarz\u0105dzaniu<\/em>, w: M. S\u0142awi\u0144ska (red.), <em>Podstawy metodologiczne prac doktorskich w naukach ekonomicznych<\/em>, Pozna\u0144: Wydawnictwo AE w Poznaniu, s. 135-151.<\/li>\n\n\n\n<li class=\"has-black-color has-text-color has-link-color wp-elements-aca19a72bc912d5bd42a988b775a04b6\">Witczak Hubert, (2006). <em>Naukowy status nauki o zarz\u0105dzaniu<\/em>, w: M. Trocki, S. Gregorczyk (red.), <em>Nowoczesne zarz\u0105dzanie. Koncepcje i instrumenty<\/em>, Warszawa: Oficyna Wydawnicza SGH, s. 13-33.<\/li>\n\n\n\n<li class=\"has-black-color has-text-color has-link-color wp-elements-dc4bcd7340ce4ad74fc4bb646f76a3f6\">Witczak Hubert, (2006).&nbsp;<em>Przedsi\u0119biorstwo &#8211; system gospodaruj\u0105cy<\/em>, Zeszyty Naukowe Akademii Ekonomicznej w Poznaniu, nr 79, s. 31-49.<\/li>\n\n\n\n<li class=\"has-black-color has-text-color has-link-color wp-elements-4f7ba3a2009ae6c65d827baab02f42ed\">Witczak Hubert, (2006).&nbsp;<em>Problem naukowy jako podstawa aktywno\u015bci naukowej w nauce o zarz\u0105dzaniu<\/em>, Zeszyty Naukowe Akademii Ekonomicznej w Poznaniu, nr 81, s. 605-615.<\/li>\n\n\n\n<li class=\"has-black-color has-text-color has-link-color wp-elements-235f084a4f75161692a793435be2515e\">Witczak Hubert, (2007).&nbsp;<em>Podstawowe problemy zarz\u0105dzania strategicznego przedsi\u0119biorstwem<\/em>, Zeszyty Naukowe Akademii Ekonomicznej w Poznaniu, nr 86, s. 156-166.<\/li>\n\n\n\n<li class=\"has-black-color has-text-color has-link-color wp-elements-62802af4f35f8377142aae130d573abb\">Urbanowska-Sojkin El\u017cbieta, Banaszyk Piotr, Witczak Hubert, (2007).&nbsp;<em>Zarz\u0105dzanie strategiczne przedsi\u0119biorstwem<\/em>, Warszawa: Polskie Wydawnictwo Ekonomiczne, ISBN: 9788321017102.<\/li>\n\n\n\n<li class=\"has-black-color has-text-color has-link-color wp-elements-2ed81b8db8b968e2eba0b5e7bcf38c3c\">Witczak Hubert, (2007).&nbsp;<em>Nauka o zarz\u0105dzaniu a nauka o ekonomii<\/em>, Wsp\u00f3\u0142czesne Zarz\u0105dzanie: Kwartalnik \u015brodowisk naukowych i lider\u00f3w biznesu, nr 6, s. 31-42.<\/li>\n\n\n\n<li class=\"has-black-color has-text-color has-link-color wp-elements-f7007b3cbb3529ad8faf016238375691\">Witczak Hubert, (2007).&nbsp;<em>Istota systemu zarz\u0105dzania przedsi\u0119biorstwem w literaturze<\/em>, Prace Naukowe Akademii Ekonomicznej im. Oskara Langego we Wroc\u0142awiu, nr 1184, s. 38-47.<\/li>\n\n\n\n<li class=\"has-black-color has-text-color has-link-color wp-elements-5850c66af41e0837816fbfe2bfb78fe4\">Witczak Hubert, (2007).&nbsp;<em>Strategiczny sukces przedsi\u0119biorstwa<\/em>, Prace i Materia\u0142y Wydzia\u0142u Zarz\u0105dzania Uniwersytetu Gda\u0144skiego, 2007, nr 2, s. 262-275.<\/li>\n\n\n\n<li class=\"has-black-color has-text-color has-link-color wp-elements-bc23d78d548c4a898dc923bf19211614\">S\u0142awi\u0144ska Maria, Witczak Hubert (red.), (2008).&nbsp;<em>Podstawy metodologiczne prac doktorskich w naukach ekonomicznych<\/em>, Warszawa: Polskie Wydawnictwo Ekonomiczne, ISBN: 9788320817607.<\/li>\n\n\n\n<li class=\"has-black-color has-text-color has-link-color wp-elements-fb870b2a15b03bc6af9d035ea70bee81\">Witczak Hubert, (2008).&nbsp;<em>Natura i kszta\u0142towanie systemu zarz\u0105dzania przedsi\u0119biorstwem<\/em>, Warszawa: Wydawnictwo Naukowe PWN, ISBN: 978-83-011-5559-9.<\/li>\n\n\n\n<li class=\"has-black-color has-text-color has-link-color wp-elements-bda95675bad6610f1761859b5fc458b5\">Witczak Hubert, (2008).&nbsp;<em>Zarz\u0105dzanie zmian\u0105 &#8211; zmiana zarz\u0105dzania<\/em>, Zeszyty Naukowe Akademii Ekonomicznej w Poznaniu, nr 105, s. 99-121.<\/li>\n\n\n\n<li class=\"has-black-color has-text-color has-link-color wp-elements-19bf0348d454ec8638133ab3bd4238f6\">Witczak Hubert, (2009).&nbsp;<em>Podsystem zarz\u0105dzania zasobami ludzkimi w systemach spo\u0142ecznych<\/em>, Zarz\u0105dzanie Zasobami Ludzkimi HRM [ZZL], 2009, nr 1(1), s. 13-30.<\/li>\n\n\n\n<li class=\"has-black-color has-text-color has-link-color wp-elements-06ecd7687bc79eb8b0c4387e00229f5a\">Witczak Hubert, (2009).&nbsp;<em>Otwarcie M\u015aP a integracja nadsystemu : pr\u00f3ba definiowania pola naukowego<\/em>, Prace Naukowe Uniwersytetu Ekonomicznego we Wroc\u0142awiu, nr 49, s. 108-115.<\/li>\n\n\n\n<li class=\"has-black-color has-text-color has-link-color wp-elements-44205eb9fcd41e74b044045899adba6c\">&nbsp;Witczak Hubert, (2009).&nbsp;<em>Pr\u00f3ba wzbogacenia kluczowych poj\u0119\u0107 istotnych dla zarz\u0105dzania strategicznego<\/em>, Zeszyty Naukowe Uniwersytetu Ekonomicznego w Poznaniu, nr 129, s. 630-636.&nbsp;<\/li>\n\n\n\n<li class=\"has-black-color has-text-color has-link-color wp-elements-e82848e84f74720044c163ce31b25fc8\">Witczak Hubert, (2010).&nbsp;<em>Skrzynka narz\u0119dziowa mened\u017cera w systemie zarz\u0105dzania<\/em>, Zeszyty Naukowe Uniwersytetu Ekonomicznego w Poznaniu, nr 148, s. 141-171.<\/li>\n\n\n\n<li class=\"has-black-color has-text-color has-link-color wp-elements-c1cf4438b9ceb5432e8d8eb6b3bde5dd\">Witczak Hubert, (2011).&nbsp;<em>Elementy aksjologiczne kontekstu sukcesu strategicznego<\/em>, Prace i Materia\u0142y Wydzia\u0142u Zarz\u0105dzania Uniwersytetu Gda\u0144skiego, 2011, nr 4\/3, s. 231-243.<\/li>\n\n\n\n<li class=\"has-black-color has-text-color has-link-color wp-elements-eaa2cc03d946435a2806e1149b1bc8ba\">S\u0142awi\u0144ska Maria, Witczak Hubert (red.), (2012).&nbsp;<em>Podstawy metodologiczne prac doktorskich w naukach ekonomicznych, wyd. II<\/em>, Warszawa: Polskie Wydawnictwo Ekonomiczne, ISBN: 978-83-208-2028-7.<\/li>\n\n\n\n<li class=\"has-black-color has-text-color has-link-color wp-elements-9463a86af7ff0891a1dc25ee609fd2b8\">Witczak Hubert, (2012). <em>Problemy naukowe<\/em>, w: M. S\u0142awi\u0144ska, H. Witczak (red.), <em>Podstawy metodologiczne prac doktorskich w naukach ekonomicznych<\/em>, wyd. II zm., Warszawa: PWE, s. 53-75.<\/li>\n\n\n\n<li class=\"has-black-color has-text-color has-link-color wp-elements-eee5fcc4e51970f5d6f297b2f580199f\">Witczak Hubert, (2012). <em><em>Twierdzenia naukowe<\/em><\/em>, w: M. S\u0142awi\u0144ska, H. Witczak (red.), <em>Podstawy metodologiczne prac doktorskich w naukach ekonomicznych<\/em>, wyd. II zm., Warszawa: PWE, s. 78-91.<\/li>\n\n\n\n<li class=\"has-black-color has-text-color has-link-color wp-elements-c8eca5bed7fa1db7d3112ae2b76637dd\">Witczak Hubert, (2012). <em><em><em>Systemy twierdze\u0144 naukowych<\/em><\/em><\/em>, w: M. S\u0142awi\u0144ska, H. Witczak (red.), <em>Podstawy metodologiczne prac doktorskich w naukach ekonomicznych<\/em>, wyd. II zm., Warszawa: PWE, s. 91-94.<\/li>\n\n\n\n<li class=\"has-black-color has-text-color has-link-color wp-elements-0c4feee0add09cfda2f2d9c191c454bb\">Witczak Hubert, (2013).&nbsp;<em>Wst\u0119p do systemu nauk o zarz\u0105dzaniu<\/em>, Wsp\u00f3\u0142czesne Zarz\u0105dzanie: Contemporary Management Quarterly, nr 2, s. 27-40.<\/li>\n\n\n\n<li class=\"has-black-color has-text-color has-link-color wp-elements-e627e7fac387816b75922c3ee68171bd\">Witczak Hubert, (2014).&nbsp;<em>Wst\u0119p do naukowego statusu koncepcji zarz\u0105dzania<\/em>, Organizacja i Kierowanie, nr 2, s. 71-85.<\/li>\n\n\n\n<li class=\"has-black-color has-text-color has-link-color wp-elements-cbb5b80e7506c09acf09dd72ac468b4d\">Witczak Hubert, (2014). <em>Eksploracja to\u017csamo\u015bci zarz\u0105dzania zasobami ludzkimi i strategicznego zarz\u0105dzania zasobami ludzkimi<\/em>, w: P. Wachowiak, P. Winch (red.), Granice w zarz\u0105dzaniu kapita\u0142em ludzkim, Warszawa: Oficyna Wydawnicza SGH, s. 123-132.<\/li>\n\n\n\n<li class=\"has-black-color has-text-color has-link-color wp-elements-7f546dcebc934e430287bc7429f17188\">Witczak Hubert, (2014).&nbsp;<em>Wst\u0119p do poznania systemu strategicznego zarz\u0105dzania zasobami ludzkimi<\/em>, Marketing i Rynek, nr 5 (CD), s. 1265-1272.<\/li>\n\n\n\n<li class=\"has-black-color has-text-color has-link-color wp-elements-093f9e95369ff11dceadea75a342e14c\">Witczak Hubert, (2014).&nbsp;<em>Wst\u0119p do problem\u00f3w to\u017csamo\u015bci za\u0142ogi przedsi\u0119biorstwa<\/em>, Studia Oeconomica Posnaniensia, vol. 2, nr 9, s. 149-174.<\/li>\n\n\n\n<li class=\"has-black-color has-text-color has-link-color wp-elements-470fe3fbbfb6da7e1a1df62da4fe60ee\">Witczak Hubert, (2016).&nbsp;<em>Doktryny zarz\u0105dzania strategicznego<\/em>, Prace Naukowe Uniwersytetu Ekonomicznego we Wroc\u0142awiu, nr 420, s. 398-410.<\/li>\n\n\n\n<li class=\"has-black-color has-text-color has-link-color wp-elements-4994ade3f825e4cd3a026cf10f500a0a\">Witczak Hubert, (2016). <em>System innowacji<\/em>, w: S. Grzegorczyk, W. Mierzejewska (red.), Zarz\u0105dzanie przedsi\u0119biorstwem inteligentnym. Wybrane zagadnienia, Warszawa: Oficyna Wydawnicza SGH, s. 431-446.<\/li>\n\n\n\n<li class=\"has-black-color has-text-color has-link-color wp-elements-7a96c9fac7a4cf9404ae90d6899a0d17\">Witczak H. (2016), <em>Istota systemu zarz\u0105dzania<\/em>, Pozna\u0144 2016, maszynopis niepublikowany.<\/li>\n\n\n\n<li class=\"has-black-color has-text-color has-link-color wp-elements-e08df32febf5bee1987c86c0c708c58a\">Witczak Hubert, (2017).&nbsp;<em>Wst\u0119pne rozpoznanie istoty potencja\u0142u strategicznego systemu dzia\u0142aj\u0105cego<\/em>, Management Forum, vol. 5, nr 3, s. 45-51.&nbsp;<\/li>\n\n\n\n<li class=\"has-black-color has-text-color has-link-color wp-elements-5ceeff6fbe94f0bad48dc69d4af4a56d\">Witczak Hubert, (2017).&nbsp;<em>Strategiczne zarz\u0105dzanie zasobami ludzkimi. Studium systemu<\/em>, Warszawa: Wydawnictwo Naukowe PWN, ISBN: 978-83-01-19720-9.<\/li>\n\n\n\n<li class=\"has-black-color has-text-color has-link-color wp-elements-ae741a421a5d8cd32ba7041f76a35697\">Witczak Hubert, (2018).&nbsp;<em>Wprowadzenie do zwi\u0105zku mi\u0119dzy wybranymi prawami nauk a skuteczno\u015bci\u0105 zarz\u0105dzania strategicznego<\/em>, Management Forum, vol. 6, nr 1, s. 40-53.&nbsp;<\/li>\n\n\n\n<li class=\"has-black-color has-text-color has-link-color wp-elements-3f05ad129df45bfa1cec75d2d96b68e9\">Witczak Hubert, (2018). <em>O systemowo\u015bci zarz\u0105dzania<\/em>, w: M. Budzanowska-Drzewiecka, K. Czernek (red.), <em>Kierunki ewolucji nauk o zarz\u0105dzaniu<\/em>, Krak\u00f3w: Wydawnictwo UJ, seria: Biznes i Zarz\u0105dzanie, s. 25-37.<\/li>\n\n\n\n<li class=\"has-black-color has-text-color has-link-color wp-elements-de5eeb7b7054ebbc59f2d077510559db\">Polowczyk Jan, Witczak Hubert, B\u0142aszak Maciej (red.), (2018).&nbsp;<em>Podej\u015bcie ewolucyjne w naukach spo\u0142ecznych<\/em>, Warszawa: Wydawnictwo CeDeWu, ISBN: 978-83-8102-146-3.<\/li>\n\n\n\n<li class=\"has-black-color has-text-color has-link-color wp-elements-2f52050a7f561f240f1ff56169ed5ece\">Witczak Hubert, (2018). <em>Ewolucja system\u00f3w dzia\u0142aj\u0105cych<\/em>, w: J. Polowczyk, H. Witczak, M. B\u0142aszak (red.), <em>Podej\u015bcie ewolucyjne w naukach spo\u0142ecznych<\/em>, Warszawa: CeDeWu.<\/li>\n\n\n\n<li class=\"has-black-color has-text-color has-link-color wp-elements-b4cad208b0edd87d2209369fd2036d6a\">Witczak Hubert, (2018). <em>To\u017csamo\u015b\u0107 systemu zarz\u0105dzania publicznego<\/em>, w: K. Paj\u0105k (red.), <em>Nowe zarz\u0105dzanie publiczne.&nbsp;Aspekty teoretyczne i praktyczne<\/em>, Warszawa: Wydawnictwo Naukowe PWN, s. 183-199.<\/li>\n\n\n\n<li class=\"has-black-color has-text-color has-link-color wp-elements-c78d3b931d96499d1ebe095dd1a66a5f\">Witczak Hubert, (2019).&nbsp;<em>O roli systemu zarz\u0105dzania zasobami ludzkimi<\/em>, Edukacja Ekonomist\u00f3w i Mened\u017cer\u00f3w. Problemy. Innowacje. Projekty, vol. 52, nr 2, s. 55-66.<\/li>\n\n\n\n<li class=\"has-black-color has-text-color has-link-color wp-elements-16d76627f952dae910f17438ceeea74b\">Witczak Hubert, (2020). <em>The systemic-praxeological approach to the methodology of primary scientific activity of the management science system<\/em>, Research Papers in Economics and Finance, 2020, vol. 4, nr 2, s. 7-17.<\/li>\n\n\n\n<li class=\"has-black-color has-text-color has-link-color wp-elements-aca5bb2ed5c8e4c2264dcaec21cbbc66\">Witczak Hubert, (2020). <em>Podsystem d\u0105\u017ce\u0144 w systemach dzia\u0142aj\u0105cych<\/em>, w: A. Sopi\u0144ska, A. Modli\u0144ski (red.), <em>Wsp\u00f3\u0142czesne zarz\u0105dzanie \u2013 koncepcje i wyzwania<\/em>, Warszawa: Oficyna Wydawnicza SGH, s. 119-133.<\/li>\n\n\n\n<li class=\"has-black-color has-text-color has-link-color wp-elements-b7a584bcb2b8cd13ed1ea6e02daef6c8\">Witczak Hubert, (2020). <a><em>Strategiczne uwarunkowania systemu edukacji uczelni wy\u017cszej p\u0142yn\u0105ce ze sfery zarz\u0105dzania,<\/em> [w]: H. Mruk, R. Orli\u0144ski (red.), <em>D\u0105\u017cenie do doskona\u0142o\u015bci w edukacji wy\u017cszej w naukach spo\u0142ecznych<\/em>, Pozna\u0144: WSZiB, PTE Oddzia\u0142 w Poznaniu, Seria \u201eStudia Ekonomiczne\u201d, s. 147-163<\/a>.<\/li>\n\n\n\n<li class=\"has-black-color has-text-color has-link-color wp-elements-9197010c100173cdf0f870b749200ef4\">Witczak Hubert, (2021). <em>Keynes \u2013 wsp\u00f3\u0142czesno\u015b\u0107 \u2013 przysz\u0142o\u015b\u0107<\/em> [Komentarz], Biuletyn PTE, NR 3(94), s. 48-51.<\/li>\n\n\n\n<li class=\"has-black-color has-text-color has-link-color wp-elements-e9aa0d6d450650abe5d68de236a1e3c5\">Witczak Hubert, (2023). <em>Nauka o zarz\u0105dzaniu. W kierunku systemu syntezy<\/em>, Warszawa: Wydawnictwo CeDeWu, ISBN: 978-83-8102-628-4.<\/li>\n\n\n\n<li class=\"has-black-color has-text-color has-link-color wp-elements-30648713d05540b617eb0b7b162335d9\">Witczak Hubert, (2023). <em>Keynes \u2013 wsp\u00f3\u0142czesno\u015b\u0107 \u2013 przysz\u0142o\u015b\u0107<\/em>, w: E. M\u0105czy\u0144ska, M. Gorynia, M. Urbaniec (red.), Keynes a wsp\u00f3\u0142czesno\u015b\u0107. Ekonomiczne perspektywy dla naszych wnuk\u00f3w, Warszawa: Wydawnictwo PTE, s. 201-207.<\/li>\n\n\n\n<li class=\"has-black-color has-text-color has-link-color wp-elements-f04e97f2b27b2a017d2311f2826717c1\">Witczak Hubert, (2025). <em>Wybrane za\u0142o\u017cenia konstrukcji demokratycznego systemu zarz\u0105dzania politycznego krajem<\/em>, Pozna\u0144: maszynopis niepublikowany.<\/li>\n\n\n\n<li class=\"has-black-color has-text-color has-link-color wp-elements-24fc74b7c6255593134e6b645afa243b\">Witczak Hubert, (2025). <em>The law of economic surplus in action systems<\/em>.&nbsp;Research Papers in Economics and Finance,&nbsp;vol. <em>9<\/em>, nr 1, s. 81-102 (<em>Prawo nadwy\u017cki ekonomicznej w systemach dzia\u0142aj\u0105cych<\/em>).<\/li>\n<\/ol>\n\n\n\n<ol start=\"1\" class=\"wp-block-list\"><\/ol>\n\n\n\n<p><\/p>\n","protected":false},"excerpt":{"rendered":"<p>Below you will find a selection of publications from a total of 121 items.<\/p>","protected":false},"author":5,"featured_media":0,"parent":0,"menu_order":0,"comment_status":"closed","ping_status":"closed","template":"","meta":{"_acf_changed":false,"footnotes":""},"class_list":["post-2061","page","type-page","status-publish","hentry"],"acf":[],"_links":{"self":[{"href":"https:\/\/witczak.pl\/en\/wp-json\/wp\/v2\/pages\/2061","targetHints":{"allow":["GET"]}}],"collection":[{"href":"https:\/\/witczak.pl\/en\/wp-json\/wp\/v2\/pages"}],"about":[{"href":"https:\/\/witczak.pl\/en\/wp-json\/wp\/v2\/types\/page"}],"author":[{"embeddable":true,"href":"https:\/\/witczak.pl\/en\/wp-json\/wp\/v2\/users\/5"}],"replies":[{"embeddable":true,"href":"https:\/\/witczak.pl\/en\/wp-json\/wp\/v2\/comments?post=2061"}],"version-history":[{"count":37,"href":"https:\/\/witczak.pl\/en\/wp-json\/wp\/v2\/pages\/2061\/revisions"}],"predecessor-version":[{"id":2292,"href":"https:\/\/witczak.pl\/en\/wp-json\/wp\/v2\/pages\/2061\/revisions\/2292"}],"wp:attachment":[{"href":"https:\/\/witczak.pl\/en\/wp-json\/wp\/v2\/media?parent=2061"}],"curies":[{"name":"wp","href":"https:\/\/api.w.org\/{rel}","templated":true}]}}