{"id":2042,"date":"2025-05-24T12:01:18","date_gmt":"2025-05-24T10:01:18","guid":{"rendered":"http:\/\/new.witczak.pl\/?page_id=2042"},"modified":"2026-04-18T20:08:25","modified_gmt":"2026-04-18T18:08:25","slug":"sylwetka","status":"publish","type":"page","link":"https:\/\/witczak.pl\/en\/sylwetka\/","title":{"rendered":"Silhouette"},"content":{"rendered":"<p style=\"color: black\">Hubert Witczak, 1948 r.;<br>\nAssociate Professor of Economics<br>\ndiscipline: management studies<\/p>\n\n\n\n<p style=\"text-align: justify; color: black\">Graduate of Technical College of Chemistry No. 2 in Pozna\u0144 (1967). Laboratory assistant at the Sanitary and Epidemiological Station in Pozna\u0144 (1967\u20131968). Undergraduate and postgraduate studies at the Higher School of Economics, Faculty of General Economics, Economics and Business Organisation in Pozna\u0144 (1968\u20131972).<\/p>\n\n\n\n<p style=\"text-align: justify; color: black\">Worked from 1972 at the current Pozna\u0144 University of Economics (master and mentor \u2013 Prof. J\u00f3zef Boro\u0144) \u2013 until 2009 as a Senior Lecturer, and from 2010 as a Professor. Since October 2020, I have been retired.<\/p>\n\n\n\n<p style=\"text-align: justify; color: black\">My main scientific interests lie in the following spheres:<br> \nManagement science;<br> \n2) Strategic Management;<br> \n3) Management systems;<br> \n4) Human Capital Management;<br> \n5) Management Science Methodology.<\/p>\n\n\n\n<p style=\"text-align: justify; color: black\">I am one of the main co-founders of the auditing company (1991 \u2013 WGA Wielkopolska Grupa Audytorska), currently Grant Thornton Polska P.S.A.<\/p>\n\n\n\n<p style=\"text-align: justify; color: black\">I generally value good work and independence. I try to look after my physical and mental fitness.<\/p>\n\n\n\n<hr class=\"wp-block-separator has-alpha-channel-opacity\"\/>\n\n\n\n<div class=\"wp-block-group is-nowrap is-layout-flex wp-container-core-group-is-layout-ad2f72ca wp-block-group-is-layout-flex\">\n<figure class=\"wp-block-image size-full is-resized\"><a href=\"mailto:studenci@witczak.pl\"><img fetchpriority=\"high\" decoding=\"async\" width=\"512\" height=\"512\" src=\"http:\/\/new.witczak.pl\/wp-content\/uploads\/2024\/08\/communication_14952206.png\" alt=\"\" class=\"wp-image-1872\" style=\"width:78px;height:auto\" srcset=\"https:\/\/witczak.pl\/wp-content\/uploads\/2024\/08\/communication_14952206.png 512w, https:\/\/witczak.pl\/wp-content\/uploads\/2024\/08\/communication_14952206-300x300.png 300w, https:\/\/witczak.pl\/wp-content\/uploads\/2024\/08\/communication_14952206-150x150.png 150w, https:\/\/witczak.pl\/wp-content\/uploads\/2024\/08\/communication_14952206-12x12.png 12w\" sizes=\"(max-width: 512px) 100vw, 512px\" \/><\/a><\/figure>\n\n\n\n<div class=\"wp-block-group is-nowrap is-layout-flex wp-container-core-group-is-layout-ad2f72ca wp-block-group-is-layout-flex\">\n<figure class=\"wp-block-image size-full is-resized\"><a href=\"https:\/\/pl-pl.facebook.com\/HubWit\"><img decoding=\"async\" width=\"512\" height=\"512\" src=\"http:\/\/new.witczak.pl\/wp-content\/uploads\/2024\/08\/social_12942327.png\" alt=\"\" class=\"wp-image-1873\" style=\"width:80px;height:auto\" srcset=\"https:\/\/witczak.pl\/wp-content\/uploads\/2024\/08\/social_12942327.png 512w, https:\/\/witczak.pl\/wp-content\/uploads\/2024\/08\/social_12942327-300x300.png 300w, https:\/\/witczak.pl\/wp-content\/uploads\/2024\/08\/social_12942327-150x150.png 150w, https:\/\/witczak.pl\/wp-content\/uploads\/2024\/08\/social_12942327-12x12.png 12w\" sizes=\"(max-width: 512px) 100vw, 512px\" \/><\/a><\/figure>\n<\/div>\n\n\n\n<figure class=\"wp-block-image size-full is-resized\"><a href=\"https:\/\/www.researchgate.net\/profile\/Hubert-Witczak-2?ev=hdr_xprf\"><img decoding=\"async\" width=\"132\" height=\"134\" src=\"http:\/\/new.witczak.pl\/wp-content\/uploads\/2024\/08\/RG_logo.jpg\" alt=\"\" class=\"wp-image-1874\" style=\"width:78px;height:auto\" srcset=\"https:\/\/witczak.pl\/wp-content\/uploads\/2024\/08\/RG_logo.jpg 132w, https:\/\/witczak.pl\/wp-content\/uploads\/2024\/08\/RG_logo-12x12.jpg 12w\" sizes=\"(max-width: 132px) 100vw, 132px\" \/><\/a><\/figure>\n\n\n\n<figure class=\"wp-block-image size-full is-resized\"><a href=\"https:\/\/independent.academia.edu\/HWitczak\"><img loading=\"lazy\" decoding=\"async\" width=\"182\" height=\"184\" src=\"http:\/\/new.witczak.pl\/wp-content\/uploads\/2024\/08\/academia_logo.jpg\" alt=\"\" class=\"wp-image-1875\" style=\"width:95px;height:auto\" srcset=\"https:\/\/witczak.pl\/wp-content\/uploads\/2024\/08\/academia_logo.jpg 182w, https:\/\/witczak.pl\/wp-content\/uploads\/2024\/08\/academia_logo-12x12.jpg 12w\" sizes=\"(max-width: 182px) 100vw, 182px\" \/><\/a><\/figure>\n\n\n\n<figure class=\"wp-block-image size-full is-resized\"><a href=\"https:\/\/orcid.org\/0000-0002-2620-0778\"><img loading=\"lazy\" decoding=\"async\" width=\"115\" height=\"129\" src=\"http:\/\/new.witczak.pl\/wp-content\/uploads\/2024\/08\/orcid_logo.jpg\" alt=\"\" class=\"wp-image-1876\" style=\"width:87px;height:auto\" srcset=\"https:\/\/witczak.pl\/wp-content\/uploads\/2024\/08\/orcid_logo.jpg 115w, https:\/\/witczak.pl\/wp-content\/uploads\/2024\/08\/orcid_logo-11x12.jpg 11w\" sizes=\"(max-width: 115px) 100vw, 115px\" \/><\/a><\/figure>\n\n\n\n<figure class=\"wp-block-image size-full\"><a href=\"https:\/\/ludzie.nauka.gov.pl\/ln\/profiles\/ok82B7B62YN\"><img loading=\"lazy\" decoding=\"async\" width=\"278\" height=\"69\" src=\"http:\/\/new.witczak.pl\/wp-content\/uploads\/2025\/02\/ludzie_nauki_logo.jpg\" alt=\"\" class=\"wp-image-1939\" srcset=\"https:\/\/witczak.pl\/wp-content\/uploads\/2025\/02\/ludzie_nauki_logo.jpg 278w, https:\/\/witczak.pl\/wp-content\/uploads\/2025\/02\/ludzie_nauki_logo-18x4.jpg 18w\" sizes=\"(max-width: 278px) 100vw, 278px\" \/><\/a><\/figure>\n<\/div>","protected":false},"excerpt":{"rendered":"<p>Hubert Witczak, 1948 r.; doktor habilitowany nauk ekonomicznych, dyscyplina: nauki o zarz\u0105dzaniu. Absolwent Technikum Chemicznego nr 2 w Poznaniu (1967 r.). Laborant w Stacji Sanitarno-Epidemiologicznej w Poznaniu (1967\u20131968). Studia i magisterium w Wy\u017cszej Szkole Ekonomicznej, Wydzia\u0142 Og\u00f3lnoekonomiczny, Ekonomika i Organizacja Przedsi\u0119biorstw w Poznaniu (1968-1972). Praca od 1972 r. w obecnym Uniwersytecie Ekonomicznym w Poznaniu (mistrz&hellip; <br \/> <a class=\"read-more\" href=\"https:\/\/witczak.pl\/en\/sylwetka\/\">Read more<\/a><\/p>","protected":false},"author":5,"featured_media":0,"parent":0,"menu_order":0,"comment_status":"closed","ping_status":"closed","template":"","meta":{"_acf_changed":false,"footnotes":""},"class_list":["post-2042","page","type-page","status-publish","hentry"],"acf":[],"_links":{"self":[{"href":"https:\/\/witczak.pl\/en\/wp-json\/wp\/v2\/pages\/2042","targetHints":{"allow":["GET"]}}],"collection":[{"href":"https:\/\/witczak.pl\/en\/wp-json\/wp\/v2\/pages"}],"about":[{"href":"https:\/\/witczak.pl\/en\/wp-json\/wp\/v2\/types\/page"}],"author":[{"embeddable":true,"href":"https:\/\/witczak.pl\/en\/wp-json\/wp\/v2\/users\/5"}],"replies":[{"embeddable":true,"href":"https:\/\/witczak.pl\/en\/wp-json\/wp\/v2\/comments?post=2042"}],"version-history":[{"count":5,"href":"https:\/\/witczak.pl\/en\/wp-json\/wp\/v2\/pages\/2042\/revisions"}],"predecessor-version":[{"id":2273,"href":"https:\/\/witczak.pl\/en\/wp-json\/wp\/v2\/pages\/2042\/revisions\/2273"}],"wp:attachment":[{"href":"https:\/\/witczak.pl\/en\/wp-json\/wp\/v2\/media?parent=2042"}],"curies":[{"name":"wp","href":"https:\/\/api.w.org\/{rel}","templated":true}]}}