{"id":1942,"date":"2025-03-02T12:58:30","date_gmt":"2025-03-02T11:58:30","guid":{"rendered":"http:\/\/new.witczak.pl\/?page_id=1942"},"modified":"2025-08-30T17:54:10","modified_gmt":"2025-08-30T15:54:10","slug":"ksiazki","status":"publish","type":"page","link":"https:\/\/witczak.pl\/en\/ksiazki\/","title":{"rendered":"Books"},"content":{"rendered":"\n<table class=\"wp-block-table aligncenter\">\n<tbody>\n<tr>\n<td colspan=\"2\">\n<h4><strong>Monografie naukowe<\/strong><\/h4>\n<\/td>\n<\/tr>\n\n<tr>\n<td width=\"25%\">\n<figure>\n<img decoding=\"async\" class=\"alignnone size-full wp-image-3\" src=\"http:\/\/new.witczak.pl\/wp-content\/uploads\/2025\/05\/okladka_3.jpg\" alt=\"\" width=\"177\" height=\"265\"><\/figure>\n<\/td>\n<td><p span=\"\" style=\"color: black\">Witczak Hubert, <strong>Nauka o zarz\u0105dzaniu. W kierunku systemu syntezy<\/strong>, 2023, Warszawa: Wydawnictwo CeDeWu, ISBN: 978-83-8102-628-4 <a href=\"https:\/\/www.researchgate.net\/publication\/370659303_Nauka_o_zarzadzaniu_W_kierunku_systemu_syntezy_Management_Science_Towards_of_System_Synthesis\"><span style=\"color: blue\">\n<strong>[czytaj]<\/strong><\/a><br><br>\nRo\u015bnie z\u0142o\u017cono\u015b\u0107 przedmiotu i problem\u00f3w zarz\u0105dzania i jednocze\u015bnie rozdrobnienie oraz rozproszenie nauk o zarz\u0105dzaniu. Maj\u0105 one status drugorz\u0119dnych \u201enauk praktycznych&#8221;, ust\u0119puj\u0105 ekonomii, politologii, socjologii i in. oraz ich kombinacjom. Jednocze\u015bnie praktyka zarz\u0105dzania ponosi spektakularne pora\u017cki, nie osi\u0105gaj\u0105c oczekiwanej sprawno\u015bci na za\u0142o\u017conych poziomach. Jedn\u0105 z przyczyn jest niedostatek syntez w naukach o zarz\u0105dzaniu. Praca wraca do przedmiotowego dyskursu. Diagnozuj\u0105c stan nauk o zarz\u0105dzaniu, za\u0142o\u017cenia nauk, w tym ich prawa, Autor proponuje systemowo-prakseologiczne podstawy systemu syntezy nauk o zarz\u0105dzaniu. Na gruncie pragmatycznych nauk o zarz\u0105dzaniu synteza ta ogniskuje si\u0119 przede wszystkim na apragmatycznej nauce o zarz\u0105dzaniu. [opis Wydawcy&#8230;] \n<\/td>\n<\/tr>\n\n\n<tr>\n<td width=\"25%\">\n<figure>\n<img decoding=\"async\" class=\"alignnone size-full wp-image-2\" src=\"http:\/\/new.witczak.pl\/wp-content\/uploads\/2025\/05\/okladka_2.jpg\" alt=\"\" width=\"177\" height=\"265\"><\/figure>\n<\/td>\n<td><p span=\"\" style=\"color: black\">Polowczyk Jan, Witczak Hubert, B\u0142aszak Maciej (red.), <strong>Podej\u015bcie ewolucyjne w naukach spo\u0142ecznych<\/strong>, 2018, Warszawa: Wydawnictwo CeDeWu, ISBN: 978-83-8102-146-3 <a href=\"https:\/\/www.researchgate.net\/publication\/379643900_Podejscie_ewolucyjne_w_naukach_spolecznych\"><span style=\"color: blue\"><strong>[czytaj &#8211; wersja 1]<\/strong><\/a> <a href=\"https:\/\/www.researchgate.net\/publication\/329253555_Podejscie_ewolucyjne_w_naukach_spolecznych_Evolutionary_approach_in_social_sciences_redakcja_naukowa_Jan_Polowczyk_Hubert_Witczak_Maciej_Blaszak\"><span style=\"color: blue\"><strong>[czytaj &#8211; wersja 2]<\/strong><\/a><br><br>\nKsi\u0105\u017cka jest pioniersk\u0105 pozycj\u0105 na polskim rynku wydawniczym przedstawiaj\u0105c\u0105 efekty wsp\u00f3\u0142pracy badaczy z r\u00f3\u017cnych dyscyplin nauk spo\u0142ecznych. Tym co \u0142\u0105czy autor\u00f3w, pomimo wykorzystywania r\u00f3\u017cnych poj\u0119\u0107 i modeli poznawczych, jest podej\u015bcie ewolucyjne zwi\u0105zane z przekonaniem, \u017ce cz\u0142owiek i ca\u0142e spo\u0142ecze\u0144stwa s\u0105 efektem d\u0142ugotrwa\u0142ych proces\u00f3w rozwojowych. Procesy te maj\u0105 pewne swoje regu\u0142y. Ksi\u0105\u017cka jest dzie\u0142em wyj\u0105tkowo oryginalnym i u\u017cytecznym. Pokazuje nowe mo\u017cliwo\u015bci wsp\u00f3lnego prowadzenia bada\u0144 i wzbogacania wiedzy z obszaru nauk spo\u0142ecznych, a tak\u017ce humanistycznych. Mo\u017ce by\u0107 inspiracj\u0105 dla r\u00f3\u017cnych \u015brodowisk naukowych w zakresie organizowania zespo\u0142\u00f3w interdyscyplinarnych. Dobrym przyk\u0142adem jest rozw\u00f3j ekonomii ewolucyjnej jako efekt wsp\u00f3\u0142pracy ekonomist\u00f3w, psycholog\u00f3w, socjolog\u00f3w, a tak\u017ce przedstawicieli innych dyscyplin. Ksi\u0105\u017cka jest przeznaczona nie tylko dla wyk\u0142adowc\u00f3w, ale te\u017c dla doktorant\u00f3w, student\u00f3w, mened\u017cer\u00f3w, polityk\u00f3w i wszystkich zainteresowanych nowymi trendami w nauce. [opis Wydawcy&#8230;] \n<\/td>\n<\/tr>\n\n\n<tr>\n<td width=\"25%\">\n<figure>\n<img decoding=\"async\" class=\"alignnone size-full wp-image-4\" src=\"http:\/\/new.witczak.pl\/wp-content\/uploads\/2025\/05\/okladka_4.jpg\" alt=\"\" width=\"177\" height=\"265\"><\/figure>\n<\/td>\n<td><p span=\"\" style=\"color: black\">Witczak Hubert, <strong>Strategiczne zarz\u0105dzanie zasobami ludzkimi. Studium systemu<\/strong>, 2017, Warszawa: Wydawnictwo Naukowe PWN, ISBN: 978-83-01-19720-9 <a href=\"https:\/\/www.researchgate.net\/publication\/379644849_Strategiczne_zarzadzanie_zasobami_ludzkimi_Studium_systemu\"><span style=\"color: blue\">\n<strong>[czytaj]<\/strong><\/a><br><br>\nPrzedmiotem studium s\u0105: ca\u0142o\u015b\u0107 Strategicznego Zarz\u0105dzania Zasobami Ludzkimi (SZZL) w dowolnych systemach z udzia\u0142em ludzi, zw\u0142aszcza w przedsi\u0119biorstwach; najwy\u017cszy poziom struktury wewn\u0119trznej SZZL; jego rola w otoczeniu. Ksi\u0105\u017cka jest pr\u00f3b\u0105 syntezy wiedzy o kszta\u0142towaniu SZZL na poziomie mi\u0119dzy zarz\u0105dzaniem politycznym a taktycznym i operacyjnym. [opis Wydawcy&#8230;] \n<\/td>\n<\/tr>\n\n<tr>\n<td width=\"25%\">\n<figure>\n<img loading=\"lazy\" decoding=\"async\" class=\"alignnone size-full wp-image-5\" src=\"http:\/\/new.witczak.pl\/wp-content\/uploads\/2025\/05\/okladka_5.jpg\" alt=\"\" width=\"177\" height=\"265\"><\/figure>\n<\/td>\n<td><p span=\"\" style=\"color: black\">S\u0142awi\u0144ska Maria, Witczak Hubert (red.), <strong>Podstawy metodologiczne prac doktorskich w naukach ekonomicznych, wyd. II<\/strong>, 2012, Warszawa: Polskie Wydawnictwo Ekonomiczne, ISBN: 978-83-208-2028-7 <a href=\"https:\/\/www.researchgate.net\/publication\/380856032_Podstawy_metodologiczne_prac_doktorskich_w_naukach_ekonomicznych_wyd_II\"><span style=\"color: blue\">\n<strong>[czytaj]<\/strong><\/a><br><br>\nRozw\u00f3j studi\u00f3w doktoranckich (okre\u015blanych obecnie jako studia trzeciego stopnia) sprawia, \u017ce coraz wa\u017cniejsza jest wiedza o wymaganiach, jakie musi spe\u0142nia\u0107 rozprawa doktorska. Autorzy w ksi\u0105\u017cce przedstawili wi\u0119c:<br> &#8211; ekonomi\u0119 i zarz\u0105dzanie jako dyscypliny naukowe,<br>\n&#8211; formu\u0142owanie problem\u00f3w i twierdze\u0144 naukowych,<br>\n&#8211; metody rozwi\u0105zywania problem\u00f3w naukowych,<br>\n&#8211; istot\u0119 rozprawy doktorskiej w naukach ekonomicznych,<br>\n&#8211; metodyk\u0119 pisania prac doktorskich,<br>\n&#8211; kryteria oceny prac doktorskich.<br>\nKsi\u0105\u017cka jest przeznaczona dla doktorant\u00f3w uczelni i wydzia\u0142\u00f3w ekonomicznych, a tak\u017ce promotor\u00f3w rozpraw doktorskich.[opis Wydawcy&#8230;] <br><br>\n<p><p span=\"\" style=\"color: black\">W szczeg\u00f3lno\u015bci rozdzia\u0142y:<br>\n&#8211; Witczak Hubert, <strong>Problemy i twierdzenia naukowe<\/strong>, s. 53-75 <a href=\"http:\/\/new.witczak.pl\/wp-content\/uploads\/2025\/08\/Witczak_Problemy_i_twierdzenia_naukowe_53-81-1-1-1.pdf\"><span style=\"color: blue\"><strong>[pobierz]<\/strong><\/a><br>\n&#8211; Witczak Hubert, <strong>Twierdzenia naukowe<\/strong>, s. 78-91 <a href=\"http:\/\/new.witczak.pl\/wp-content\/uploads\/2025\/08\/Witczak_H_2012_Twierdzenia_naukowe.pdf\"><span style=\"color: blue\"><strong>[pobierz]<\/strong><\/a><br>\n&#8211; Witczak Hubert, <strong>Systemy twierdze\u0144 naukowych<\/strong>, s. 78-91 <a href=\"http:\/\/new.witczak.pl\/wp-content\/uploads\/2025\/08\/Witczak_H_2012_Systemy_twierdzen_naukowych_91-94.pdf\"><span style=\"color: blue\"><strong>[pobierz]<\/strong><\/a><br>\n<\/td>\n<\/tr>\n\n\n<tr>\n<td width=\"25%\">\n<figure>\n<img loading=\"lazy\" decoding=\"async\" class=\"alignnone size-full wp-image-1\" src=\"http:\/\/new.witczak.pl\/wp-content\/uploads\/2025\/03\/okladka_1.jpg\" alt=\"\" width=\"177\" height=\"265\"><\/figure>\n<\/td>\n<td><p span=\"\" style=\"color: black\">Witczak Hubert, <strong>Natura i kszta\u0142towanie systemu zarz\u0105dzania przedsi\u0119biorstwem<\/strong>, 2008, Warszawa: Wydawnictwo Naukowe PWN, ISBN: 978-83-011-5559-9 <a href=\"https:\/\/www.researchgate.net\/publication\/341278899_Natura_i_ksztaltowanie_systemu_zarzadzania_przedsiebiorstwem\"><span style=\"color: blue\">\n<strong>[czytaj]<\/strong><\/a><br><br>\nPraca niniejsza jest pr\u00f3b\u0105 syntezy wiedzy poznawczej dotycz\u0105cej systemu zarz\u0105dzania przedsi\u0119biorstwem (SZP) jako kategorii. Z tego te\u017c powodu, co jest naturalne, poczynili\u015bmy pewne uproszczenia; niekt\u00f3re zagadnienia zosta\u0142y zaledwie podniesione. Poznawczy problem naukowy definiujemy jako trudno\u015b\u0107 poradzenia sobie ze stanem niewiedzy naukowej w danej dziedzinie i w takim znaczeniu b\u0119dziemy odt\u0105d u\u017cywa\u0107 tego terminu. Zakresami tematycznymi, kt\u00f3re wyznaczyli\u015bmy w celu lepszego opisania tak postrzeganej luki w wiedzy naukowej, s\u0105:<br>\n1) istniej\u0105cy (o ile istnieje) paradygmat twierdze\u0144 naukowych;<br>\n2) okre\u015blenie dziedziny, tre\u015bci, rozmiar\u00f3w i typu stanu niewiedzy;<br>\n3) stwierdzenie naukowo\u015bci danego stanu niewiedzy; <br>\n4) ustalenie stosunku stanu niewiedzy do dotychczasowych pr\u00f3b jego rozwi\u0105zania i innych problem\u00f3w naukowych. [ze Wst\u0119pu&#8230;] \n<\/td>\n<\/tr>\n\n<tr>\n<td width=\"25%\">\n<figure>\n<img loading=\"lazy\" decoding=\"async\" class=\"alignnone size-full wp-image-6\" src=\"http:\/\/new.witczak.pl\/wp-content\/uploads\/2025\/05\/okladka_6.jpg\" alt=\"\" width=\"177\" height=\"265\"><\/figure>\n<\/td>\n<td><p span=\"\" style=\"color: black\">S\u0142awi\u0144ska Maria, Witczak Hubert (red.), <strong>Podstawy metodologiczne prac doktorskich w naukach ekonomicznych<\/strong>, 2008, Warszawa: Polskie Wydawnictwo Ekonomiczne, ISBN: 9788320817607 <a href=\"https:\/\/www.researchgate.net\/publication\/341278968_Podstawy_metodologiczne_prac_doktorskich_w_naukach_ekonomicznych\"><span style=\"color: blue\">\n<strong>[czytaj]<\/strong><\/a><br><br>\nStudia doktoranckie maj\u0105 za zadanie przygotowa\u0107 doktorant\u00f3w do samodzielnej dzia\u0142alno\u015bci badawczej i tw\u00f3rczej oraz do uzyskania stopnia naukowego doktora. W zwi\u0105zku z tym w \u015brodowisku akademickim cz\u0119sto s\u0105 stawiane pytania o wymagania, jakie ma spe\u0142nia\u0107 rozprawa doktorska w naukach ekonomicznych. Autorzy Podstaw metodologicznych prac doktorskich w naukach ekonomicznych przedstawili w spos\u00f3b uporz\u0105dkowany podstawowe zagadnienia dotycz\u0105ce metodologii prac doktorskich, a zw\u0142aszcza: zwi\u0105zki mi\u0119dzy ekonomi\u0105 a naukami o zarz\u0105dzaniu problemy, hipotezy i twierdzenia naukowe oraz techniki procesu naukowego wybrane metody rozwi\u0105zywania problem\u00f3w naukowych metodyk\u0119 pisania prac doktorskich oraz kryteria ich oceny. [opis Wydawcy&#8230;] \n<\/td>\n<\/tr>\n\n<tr>\n<td width=\"25%\">\n<figure>\n<img loading=\"lazy\" decoding=\"async\" class=\"alignnone size-full wp-image-7\" src=\"http:\/\/new.witczak.pl\/wp-content\/uploads\/2025\/05\/okladka_7.jpg\" alt=\"\" width=\"177\" height=\"265\"><\/figure>\n<\/td>\n<td><p span=\"\" style=\"color: black\">Urbanowska-Sojkin El\u017cbieta, Banaszyk Piotr, Witczak Hubert, <strong>Zarz\u0105dzanie strategiczne przedsi\u0119biorstwem<\/strong>, 2007, Warszawa: Polskie Wydawnictwo Ekonomiczne, ISBN: 9788321017102 <a href=\"https:\/\/www.researchgate.net\/publication\/341278954_Zarzadzanie_strategiczne_przedsiebiorstwem_wydanie_2_poprawione\"><span style=\"color: blue\">\n<strong>[czytaj]<\/strong><\/a><br><br>\nKsi\u0105\u017cka jest kompleksowym studium gruntownie systematyzuj\u0105cym wiedz\u0119 z zakresu zarz\u0105dzania strategicznego przedsi\u0119biorstwem. Autorzy wyczerpuj\u0105co wyja\u015bniaj\u0105 istot\u0119 i przedmiot tego zarz\u0105dzania. W nowatorski spos\u00f3b rozwa\u017caj\u0105 kolejne fazy w procesie zarz\u0105dzania strategicznego przedsi\u0119biorstwem. Przedstawiaj\u0105 analiz\u0119 i krytyczn\u0105 ocen\u0119 uwarunkowa\u0144 strategicznych, zagadnienia formu\u0142owania cel\u00f3w i strategicznego kierunku rozwoju przedsi\u0119biorstwa, kwesti\u0119 implementacji strategii oraz nadzorowania i kontrolowania (controllingu) ich realizacji. [opis Wydawcy&#8230;] \n<\/td>\n<\/tr>\n\n<tr>\n<td width=\"25%\">\n<figure>\n<img loading=\"lazy\" decoding=\"async\" class=\"alignnone size-full wp-image-8\" src=\"http:\/\/new.witczak.pl\/wp-content\/uploads\/2025\/05\/okladka_book.jpg\" alt=\"\" width=\"177\" height=\"265\"><\/figure>\n<\/td>\n<td><p span=\"\" style=\"color: black\">Urbanowska-Sojkin El\u017cbieta, Banaszyk Piotr, Witczak Hubert, <strong>Zarz\u0105dzanie strategiczne przedsi\u0119biorstwem<\/strong>, 2004, Warszawa: Polskie Wydawnictwo Ekonomiczne, ISBN: 8321014960 <a href=\"https:\/\/www.researchgate.net\/publication\/341278077_Zarzadzanie_strategiczne_przedsiebiorstwem\"><span style=\"color: blue\">\n<strong>[czytaj]<\/strong><\/a><br><br>\n<p><p span=\"\" style=\"color: black\">W szczeg\u00f3lno\u015bci rozdzia\u0142y:<br>\n&#8211; Witczak Hubert, <strong>Przedmiot zarz\u0105dzania strategicznego<\/strong>, s. 9-36 <a href=\"http:\/\/new.witczak.pl\/wp-content\/uploads\/2025\/08\/Witczak_Przedmiot_zarz_strategicznego_9-36-1-1.pdf\"><span style=\"color: blue\"><strong>[pobierz]<\/strong><\/a><br>\n&#8211; Witczak Hubert, <strong>Implementacja strategii<\/strong>, s. 268-303 <a href=\"http:\/\/new.witczak.pl\/wp-content\/uploads\/2025\/08\/Witczak_H_Implementacja_strategii_268-303-1-skompresowany.pdf\"><span style=\"color: blue\"><strong>[pobierz]<\/strong><\/a><br>\n<\/td>\n<\/tr>\n\n<tr>\n<td width=\"25%\">\n<figure>\n<img loading=\"lazy\" decoding=\"async\" class=\"alignnone size-full wp-image-9\" src=\"http:\/\/new.witczak.pl\/wp-content\/uploads\/2025\/05\/okladka_book.jpg\" alt=\"\" width=\"177\" height=\"265\"><\/figure>\n<\/td>\n<td><p span=\"\" style=\"color: black\">Mendel Tadeusz, Witczak Hubert, <strong>Projektowanie system\u00f3w zarz\u0105dzania: materia\u0142y pomocnicze do wyk\u0142ad\u00f3w i \u0107wicze\u0144<\/strong>, 1982, Pozna\u0144: Wydawnictwo Akademii Ekonomicznej w Poznaniu, <a href=\"https:\/\/www.researchgate.net\/publication\/341278322_Projektowanie_systemow_zarzadzania_materialy_pomocnicze_do_wykladow_i_cwiczen_Tadeusz_Mendel_Hubert_Witczak\"><span style=\"color: blue\">\n<strong>[czytaj]<\/strong><\/a><br><br>\n<\/td>\n<\/tr>\n\n<\/tbody>\n<\/table>\n\n\n\n<p><\/p>\n","protected":false},"excerpt":{"rendered":"<p>Monografie naukowe Witczak Hubert, Nauka o zarz\u0105dzaniu. W kierunku systemu syntezy, 2023, Warszawa: Wydawnictwo CeDeWu, ISBN: 978-83-8102-628-4 [czytaj] Ro\u015bnie z\u0142o\u017cono\u015b\u0107 przedmiotu i problem\u00f3w zarz\u0105dzania i jednocze\u015bnie rozdrobnienie oraz rozproszenie nauk o zarz\u0105dzaniu. Maj\u0105 one status drugorz\u0119dnych \u201enauk praktycznych&#8221;, ust\u0119puj\u0105 ekonomii, politologii, socjologii i in. oraz ich kombinacjom. Jednocze\u015bnie praktyka zarz\u0105dzania ponosi spektakularne pora\u017cki, nie osi\u0105gaj\u0105c&hellip; <br \/> <a class=\"read-more\" href=\"https:\/\/witczak.pl\/en\/ksiazki\/\">Read more<\/a><\/p>\n","protected":false},"author":5,"featured_media":0,"parent":0,"menu_order":0,"comment_status":"closed","ping_status":"closed","template":"","meta":{"_acf_changed":false,"footnotes":""},"class_list":["post-1942","page","type-page","status-publish","hentry"],"acf":[],"_links":{"self":[{"href":"https:\/\/witczak.pl\/en\/wp-json\/wp\/v2\/pages\/1942","targetHints":{"allow":["GET"]}}],"collection":[{"href":"https:\/\/witczak.pl\/en\/wp-json\/wp\/v2\/pages"}],"about":[{"href":"https:\/\/witczak.pl\/en\/wp-json\/wp\/v2\/types\/page"}],"author":[{"embeddable":true,"href":"https:\/\/witczak.pl\/en\/wp-json\/wp\/v2\/users\/5"}],"replies":[{"embeddable":true,"href":"https:\/\/witczak.pl\/en\/wp-json\/wp\/v2\/comments?post=1942"}],"version-history":[{"count":17,"href":"https:\/\/witczak.pl\/en\/wp-json\/wp\/v2\/pages\/1942\/revisions"}],"predecessor-version":[{"id":2232,"href":"https:\/\/witczak.pl\/en\/wp-json\/wp\/v2\/pages\/1942\/revisions\/2232"}],"wp:attachment":[{"href":"https:\/\/witczak.pl\/en\/wp-json\/wp\/v2\/media?parent=1942"}],"curies":[{"name":"wp","href":"https:\/\/api.w.org\/{rel}","templated":true}]}}