{"id":1843,"date":"2024-08-14T12:52:23","date_gmt":"2024-08-14T10:52:23","guid":{"rendered":"http:\/\/new.witczak.pl\/?page_id=1843"},"modified":"2026-04-18T18:33:39","modified_gmt":"2026-04-18T16:33:39","slug":"wprowadzenie","status":"publish","type":"page","link":"https:\/\/witczak.pl\/en\/wprowadzenie\/","title":{"rendered":"Introduction"},"content":{"rendered":"\n<p class=\"has-black-color has-text-color has-link-color has-medium-font-size wp-elements-b336d1ce3347041ee269fe9e29fbada0\"><strong>Dzie\u0144 Dobry,<\/strong><\/p>\n\n\n\n<p style=\"text-align: justify; color: black\">Jestem zaszczycony, je\u015bli Pa\u0144stwo czytacie ten tekst. Zapraszam dalej, w miar\u0119 zainteresowania. <br>Strona istnieje od 2006 roku, niniejsza wersja odzwierciedla aktualny stan mojego stosunku do kwestii, kt\u00f3re uwa\u017cam za istotne. Ta podstrona okre\u015bla za\u0142o\u017cenia <b>Strony<\/b>.<\/p>\n\n\n\n<p style=\"text-align: justify; color: black\">Strona ma przede wszystkim, chocia\u017c nie wy\u0142\u0105cznie, charakter naukowy. Staram si\u0119 wypowiada\u0107 przyjmuj\u0105c postaw\u0119 naukow\u0105 jako fundament. Jednak nie nale\u017cy oczekiwa\u0107 \u015bci\u015ble technokratycznego podej\u015bcia. Uwa\u017caj\u0105c, \u017ce mam co\u015b wa\u017cnego do powiedzenia dziel\u0119 si\u0119 odpowiednimi tre\u015bciami. Dyskurs, edukacja, kszta\u0142towanie lepszego \u015bwiata, a zw\u0142aszcza system\u00f3w zarz\u0105dzania tym \u015bwiatem \u2013 to mnie intryguje i motywuje. J\u0119zyk Strony i publikacji jest do\u015b\u0107 specyficzny, swoisty dla omawianych problem\u00f3w. Stygmat naukowo\u015bci wyklucza publicystyk\u0119, populizm, emocjonalno\u015b\u0107 czy niepohamowan\u0105 kreatywno\u015b\u0107.<\/p>\n\n\n\n<p style=\"text-align: justify; color: black\">Menu <b>Strony<\/b> zawiera dwa zbiory podstron. Pierwszy jest na g\u00f3rnym pasku. S\u0105 tam podstrony wprowadzaj\u0105ce, prezentuj\u0105ce Autora oraz podstrony Blog (Sedno \u2013 Core) i Kontakt. Blog Sedno (This Might Hit Home &#8211; blog) zak\u0142ada, \u017ce nasz stosunek do rzeczywisto\u015bci jest pochodn\u0105 uwik\u0142ania czynnik\u00f3w osobistych i rozwoju otoczenia. To menu pokazuje moje s\u0105dy na temat wybranych zagadnie\u0144. Koncentruj\u0119 si\u0119 zw\u0142aszcza na otoczeniu i kwestiach maj\u0105cych ponadjednostkowe znaczenie, nie tylko w naszym kraju.<\/p>\n\n\n\n<p style=\"text-align: justify; color: black\">Dolny pasek zawiera wy\u0142\u0105cznie podstrony z moimi pracami naukowymi. Zdecydowana wi\u0119kszo\u015b\u0107 z nich jest recenzowana i opublikowana, a je\u015bli nie s\u0105 \u2013 to zaznaczam. Pasek ten prowadzi do podstron: Prawo nadwy\u017cki ekonomicznej \u2013 The Law of Economic Surplus; Nauka o zarz\u0105dzaniu \u2013 Management Science; Systemy zarz\u0105dzania \u2013 Management Systems; Zarz\u0105dzanie polityczne \u2013 Political Management; Zarz\u0105dzanie strategiczne \u2013 Strategic Management; Zarz\u0105dzanie kapita\u0142em ludzkim \u2013 Human Capital Management; Metodologia nauk o zarz\u0105dzaniu \u2013 Management Science Methodology. W tych dziedzinach przedstawiam dwa bloki tekst\u00f3w: 1) teksty w edycji ksi\u0105\u017ckowej, rozdzia\u0142y ksi\u0105\u017cek i artyku\u0142y; 2) teksty niepublikowane. Jedynym wyj\u0105tkiem jest podstrona \u201eZarz\u0105dzanie polityczne\u201d \u2013 b\u0119d\u0105 tam (p\u00f3ki co) teksty jeszcze niepublikowane, wi\u0119c nie wszystkie spe\u0142ni\u0105 warunki naukowo\u015bci.<\/p>\n\n\n\n<p style=\"text-align: justify; color: black\">Menu ujmuje prezentacj\u0119 dorobku naukowego, kt\u00f3ry jest albo kolejnym wydaniem tekst\u00f3w ju\u017c opublikowanych przez innych wydawc\u00f3w, albo jest oryginalnym opracowaniem i edycj\u0105. W tym ostatnim wypadku, mimo braku recenzji, staram si\u0119 zachowa\u0107 standardy naukowo\u015bci. Znajdziemy tu r\u00f3wnie\u017c wykaz wa\u017cniejszych publikacji, a niekt\u00f3re teksty mo\u017cna pobra\u0107 (za zgod\u0105 Wydawcy). Nauka o zarz\u0105dzaniu koncentruje si\u0119 na zagadnieniach to\u017csamo\u015bci tej dyscypliny. Systemy zarz\u0105dzania pr\u00f3buj\u0105 wyja\u015bni\u0107 ich natur\u0119 oraz wskaza\u0107 na uwarunkowania sprawno\u015bci. Zarz\u0105dzanie polityczne to jego najwy\u017cszy i wiod\u0105cy poziom (primus inter pares) &#8211; stanowi\u0105cy razem z zarz\u0105dzaniem strategicznym, taktycznym i operacyjnym \u2013 wielopoziomowy system zarz\u0105dzania. Zarz\u0105dzanie strategiczne jest centraln\u0105 problematyk\u0105 prowadzenia ka\u017cdego systemu dzia\u0142aj\u0105cego, czemu staram si\u0119 da\u0107 wyraz. Zarz\u0105dzanie kapita\u0142em ludzkim podkre\u015bla, \u017ce czynnik ludzki jest w dowolnej aktywno\u015bci najwa\u017cniejszy. Jest on jednak pod ka\u017cdym wzgl\u0119dem z\u0142o\u017cony, funkcjonalnie i strukturalnie uwik\u0142any. Metodologia zarz\u0105dzania to nie tylko sposoby i techniki zarz\u0105dzania \u2013 to z\u0142o\u017cony podsystem wsp\u00f3\u0142powi\u0105za\u0144 podmiot\u00f3w zarz\u0105dzaj\u0105cych i podmiot\u00f3w zarz\u0105dzanych. Fundamentem metodologii s\u0105 za\u0142o\u017cenia metodologiczne (doktryna metodologiczna) i j\u0119zyk &#8211; w ca\u0142ej jego r\u00f3\u017cnorodno\u015bci (semiotyka), pocz\u0105wszy od poj\u0119\u0107 i definicji.<\/p>\n\n\n\n<p style=\"text-align: justify; color: black\">Pe\u0142ny tekst moich prac dost\u0119pnych na stronie znajduje si\u0119 pod przyciskiem (pobierz). W innych wypadkach odwo\u0142uj\u0119 si\u0119 do dysponowanych materia\u0142\u00f3w. Odwo\u0142ania [wi\u0119cej][pobierz][link do strony wydawcy], itp., zale\u017c\u0105 od wykonalno\u015bci dostarczenia Czytelnikom w\u0142asno\u015bci tekstu dzie\u0142a. \nBrak mo\u017cliwo\u015bci \u2013 to tylko link do strony Wydawcy lub opis zasady cytowania. Nie mog\u0105c poda\u0107 pe\u0142nego dzie\u0142a udost\u0119pniam jego opis wed\u0142ug przyj\u0119tego standardu [wi\u0119cej]. Niekiedy w odwo\u0142aniu [pobierz] znajdzie si\u0119 Wprowadzenie, Spis tre\u015bci i pierwszy rozdzia\u0142 dzie\u0142a, i in.<\/p>\n\n\n\n<p><\/p>\n","protected":false},"excerpt":{"rendered":"<p>Dzie\u0144 Dobry, Jestem zaszczycony, je\u015bli Pa\u0144stwo czytacie ten tekst. Zapraszam dalej, w miar\u0119 zainteresowania. Strona istnieje od 2006 roku, niniejsza wersja odzwierciedla aktualny stan mojego stosunku do kwestii, kt\u00f3re uwa\u017cam za istotne. Ta podstrona okre\u015bla za\u0142o\u017cenia Strony. Strona ma przede wszystkim, chocia\u017c nie wy\u0142\u0105cznie, charakter naukowy. Staram si\u0119 wypowiada\u0107 przyjmuj\u0105c postaw\u0119 naukow\u0105 jako fundament. Jednak&hellip; <br \/> <a class=\"read-more\" href=\"https:\/\/witczak.pl\/en\/wprowadzenie\/\">Read more<\/a><\/p>","protected":false},"author":5,"featured_media":0,"parent":0,"menu_order":0,"comment_status":"closed","ping_status":"closed","template":"","meta":{"_acf_changed":false,"footnotes":""},"class_list":["post-1843","page","type-page","status-publish","hentry"],"acf":[],"_links":{"self":[{"href":"https:\/\/witczak.pl\/en\/wp-json\/wp\/v2\/pages\/1843","targetHints":{"allow":["GET"]}}],"collection":[{"href":"https:\/\/witczak.pl\/en\/wp-json\/wp\/v2\/pages"}],"about":[{"href":"https:\/\/witczak.pl\/en\/wp-json\/wp\/v2\/types\/page"}],"author":[{"embeddable":true,"href":"https:\/\/witczak.pl\/en\/wp-json\/wp\/v2\/users\/5"}],"replies":[{"embeddable":true,"href":"https:\/\/witczak.pl\/en\/wp-json\/wp\/v2\/comments?post=1843"}],"version-history":[{"count":7,"href":"https:\/\/witczak.pl\/en\/wp-json\/wp\/v2\/pages\/1843\/revisions"}],"predecessor-version":[{"id":2269,"href":"https:\/\/witczak.pl\/en\/wp-json\/wp\/v2\/pages\/1843\/revisions\/2269"}],"wp:attachment":[{"href":"https:\/\/witczak.pl\/en\/wp-json\/wp\/v2\/media?parent=1843"}],"curies":[{"name":"wp","href":"https:\/\/api.w.org\/{rel}","templated":true}]}}