{"id":1834,"date":"2024-08-14T12:48:07","date_gmt":"2024-08-14T10:48:07","guid":{"rendered":"http:\/\/new.witczak.pl\/?page_id=1834"},"modified":"2025-08-30T16:39:34","modified_gmt":"2025-08-30T14:39:34","slug":"zarzadzanie-polityczne","status":"publish","type":"page","link":"https:\/\/witczak.pl\/en\/zarzadzanie-polityczne\/","title":{"rendered":"Political management"},"content":{"rendered":"<table class=\"wp-block-table aligncenter\">\n<tbody>\n<tr>\n<td colspan=\"2\">\n<h4><strong>Publications in the field of political management<\/strong><\/h4>\n<\/td>\n<\/tr>\n\n<tr>\n<td width=\"25%\">\n<figure>\n<img decoding=\"async\" class=\"alignnone size-full wp-image-9\" src=\"http:\/\/new.witczak.pl\/wp-content\/uploads\/2025\/05\/okladka_book.jpg\" alt=\"\" width=\"177\" height=\"265\"><\/figure>\n<\/td>\n<td><p span=\"\" style=\"color: black\">Witczak Hubert, <strong>Wybrane za\u0142o\u017cenia konstrukcji demokratycznego systemu zarz\u0105dzania politycznego krajem<\/strong>, 2025, Pozna\u0144: maszynopis niepublikowany.<br><br>\n<\/td>\n<\/tr>\n\n\n<\/tbody>\n<\/table>","protected":false},"excerpt":{"rendered":"<p>Publikacje z obszaru zarz\u0105dzania politycznego Witczak Hubert, Wybrane za\u0142o\u017cenia konstrukcji demokratycznego systemu zarz\u0105dzania politycznego krajem, 2025, Pozna\u0144: maszynopis niepublikowany.<\/p>","protected":false},"author":5,"featured_media":0,"parent":0,"menu_order":0,"comment_status":"closed","ping_status":"closed","template":"","meta":{"_acf_changed":false,"footnotes":""},"class_list":["post-1834","page","type-page","status-publish","hentry"],"acf":[],"_links":{"self":[{"href":"https:\/\/witczak.pl\/en\/wp-json\/wp\/v2\/pages\/1834","targetHints":{"allow":["GET"]}}],"collection":[{"href":"https:\/\/witczak.pl\/en\/wp-json\/wp\/v2\/pages"}],"about":[{"href":"https:\/\/witczak.pl\/en\/wp-json\/wp\/v2\/types\/page"}],"author":[{"embeddable":true,"href":"https:\/\/witczak.pl\/en\/wp-json\/wp\/v2\/users\/5"}],"replies":[{"embeddable":true,"href":"https:\/\/witczak.pl\/en\/wp-json\/wp\/v2\/comments?post=1834"}],"version-history":[{"count":5,"href":"https:\/\/witczak.pl\/en\/wp-json\/wp\/v2\/pages\/1834\/revisions"}],"predecessor-version":[{"id":2205,"href":"https:\/\/witczak.pl\/en\/wp-json\/wp\/v2\/pages\/1834\/revisions\/2205"}],"wp:attachment":[{"href":"https:\/\/witczak.pl\/en\/wp-json\/wp\/v2\/media?parent=1834"}],"curies":[{"name":"wp","href":"https:\/\/api.w.org\/{rel}","templated":true}]}}