{"id":1832,"date":"2024-08-14T12:46:46","date_gmt":"2024-08-14T10:46:46","guid":{"rendered":"http:\/\/new.witczak.pl\/?page_id=1832"},"modified":"2026-04-18T20:15:43","modified_gmt":"2026-04-18T18:15:43","slug":"umiejetnosci","status":"publish","type":"page","link":"https:\/\/witczak.pl\/en\/umiejetnosci\/","title":{"rendered":"Skills"},"content":{"rendered":"\n<p style=\"text-align: justify; color: black\">Umiej\u0119tno\u015bci rozumiem jako dziedzinowy potencja\u0142 merytoryczny. We wszystkich podanych wy\u017cej sferach dysponuj\u0119 zintegrowanym, systemowym potencja\u0142em praktycznym i naukowym. S\u0105dz\u0119, \u017ce w rozwi\u0105zywaniu problem\u00f3w naukowych i praktycznych osi\u0105gam dobre rezultaty wykorzystuj\u0105c podej\u015bcie systemowo-prakseologiczne.<\/p>\n\n\n\n<p style=\"text-align: justify; color: black\">Pierwszym elementem umiej\u0119tno\u015bci jest do\u015bwiadczenie empiryczne (1972 \u2013 2012). Wskazane podej\u015bcie by\u0142o i jest szczeg\u00f3lnie przydatne na poziomie zarz\u0105dzania politycznego i strategicznego. Kluczow\u0105 cech\u0105 jest tu uniwersalno\u015b\u0107, umo\u017cliwiaj\u0105ca mierzenie si\u0119 i skuteczno\u015b\u0107 w rozwi\u0105zywaniu problem\u00f3w zarz\u0105dzania dowoln\u0105 sfer\u0105 przedmiotowo-rzeczow\u0105 i czasoprzestrzenn\u0105.<\/p>\n\n\n\n<p style=\"text-align: justify; color: black\">R\u00f3wnoleg\u0142ym elementem umiej\u0119tno\u015bci jest ci\u0105g\u0142a praca naukowa (in statu nascendi \u2013 od 1972). Z swoje najwa\u017cniejsze osi\u0105gni\u0119cia uwa\u017cam cztery prace naukowe.<br>\n<ol p style=\"text-align: justify; color: black\">\n<li>Primus inter pares to prawo nadwy\u017cki ekonomicznej w systemach dzia\u0142aj\u0105cych [Witczak, H. (2025). The Law of Economic Surplus in Action Systems. \u201eResearch Papers in Economic and Finanse\u201d 2025, vol. 9, nr 1, p. 81-102. Pozna\u0144: University of Economics and Business].<\/li>\n<li>W 2008 roku publikuj\u0119 monografi\u0119 wprowadzaj\u0105c\u0105 do dyskursu na temat system\u00f3w zarz\u0105dzania przedsi\u0119biorstwem [Witczak, H. (2008). Natura i kszta\u0142towanie systemu zarz\u0105dzania przedsi\u0119biorstwem. Warszawa: WN PWN]. W pracy definiuj\u0119 po raz pierwszy istot\u0119 i struktur\u0119 systemu zarz\u0105dzania, dedykowan\u0105 szczeg\u00f3lnie przedsi\u0119biorstwu jako kategorii. Nawi\u0105zuj\u0119 przy tym do prawa nadwy\u017cki ekonomicznej. Wyja\u015bniam r\u00f3wnie\u017c, \u017ce w ukszta\u0142towaniu si\u0119 systemu zarz\u0105dzania przedsi\u0119biorstwem bierze istotny udzia\u0142 otoczenie, w tym reguluj\u0105ce.<\/li>\n<li>W nast\u0119pnej ksi\u0105\u017cce [Witczak, H. (2017). Strategiczne zarz\u0105dzanie zasobami ludzkimi. Studium systemu. Warszawa: WN PWN] badam kluczowy sk\u0142adnik ka\u017cdego systemu zarz\u0105dzania \u2013 zasoby ludzkie. Dochodz\u0119 do wniosku, \u017ce w istocie mammy do czynienia z Za\u0142og\u0105 \u2013 specyficznie ukszta\u0142towanym systemem kapita\u0142u ludzkiego. Ka\u017cda z grup interesariuszy jest koniecznym sk\u0142adnikiem systemu zarz\u0105dzania. To wymaga rozwi\u0105zywania problemu polityczno-strategicznego: ich proporcji, parytet\u00f3w i priorytet\u00f3w w zarz\u0105dzaniu. Proponuj\u0119 przyj\u0119cie, \u017ce zarz\u0105dzanie trzeba widzie\u0107 w szerszym i w\u0119\u017cszym znaczeniu, z uwzgl\u0119dnieniem kreowania, samoorganizowania si\u0119 i ewoluowania.<\/li>\n<li>Kolejna monografia wywodzi si\u0119 z przekonania, \u017ce jak dotychczas nauki o zarz\u0105dzaniu niemal wy\u0142\u0105cznie specjalizuj\u0105 si\u0119, id\u0105 w g\u0142\u0105b i zajmuj\u0105 si\u0119 przedmiotowymi p\u0142aszczyznami horyzontalnymi [Witczak, H. (2023). Nauka o zarz\u0105dzaniu. W kierunku systemu syntezy. Warszawa: CeDeWu]. Podejmuj\u0119 wi\u0119c pr\u00f3b\u0119 dyskusji o sensie i istocie syntezy podej\u015b\u0107, metodologii oraz twierdze\u0144 merytorycznych przedmiotu, jakim jest \u201edzia\u0142anie\u201d i \u201esystem dzia\u0142aj\u0105cy\u201d \u2013 kategorie prakseologiczne i systemowo-prakseologiczne. Sugeruj\u0119, \u017ce zarz\u0105dzanie to wielopoziomowe, systemowe kreowanie, samoorganizowanie si\u0119 i ewoluowanie, z uwzgl\u0119dnieniem ich natury: dialektyczno\u015bci, paradoksalno\u015bci i chaosu. Tylko tego typu holistyczne podej\u015bcie mo\u017ce rozwi\u0105zywa\u0107 problemy zarz\u0105dzania szczeg\u00f3lnie z\u0142o\u017conymi systemami, takimi jak kraje, regiony, czy rozleg\u0142e problematyki.<\/li>\n<\/ol>\n<\/p>\n","protected":false},"excerpt":{"rendered":"<p>Umiej\u0119tno\u015bci rozumiem jako dziedzinowy potencja\u0142 merytoryczny. We wszystkich podanych wy\u017cej sferach dysponuj\u0119 zintegrowanym, systemowym potencja\u0142em praktycznym i naukowym. S\u0105dz\u0119, \u017ce w rozwi\u0105zywaniu problem\u00f3w naukowych i praktycznych osi\u0105gam dobre rezultaty wykorzystuj\u0105c podej\u015bcie systemowo-prakseologiczne. Pierwszym elementem umiej\u0119tno\u015bci jest do\u015bwiadczenie empiryczne (1972 \u2013 2012). Wskazane podej\u015bcie by\u0142o i jest szczeg\u00f3lnie przydatne na poziomie zarz\u0105dzania politycznego i strategicznego. Kluczow\u0105&hellip; <br \/> <a class=\"read-more\" href=\"https:\/\/witczak.pl\/en\/umiejetnosci\/\">Read more<\/a><\/p>","protected":false},"author":5,"featured_media":0,"parent":0,"menu_order":0,"comment_status":"closed","ping_status":"closed","template":"","meta":{"_acf_changed":false,"footnotes":""},"class_list":["post-1832","page","type-page","status-publish","hentry"],"acf":[],"_links":{"self":[{"href":"https:\/\/witczak.pl\/en\/wp-json\/wp\/v2\/pages\/1832","targetHints":{"allow":["GET"]}}],"collection":[{"href":"https:\/\/witczak.pl\/en\/wp-json\/wp\/v2\/pages"}],"about":[{"href":"https:\/\/witczak.pl\/en\/wp-json\/wp\/v2\/types\/page"}],"author":[{"embeddable":true,"href":"https:\/\/witczak.pl\/en\/wp-json\/wp\/v2\/users\/5"}],"replies":[{"embeddable":true,"href":"https:\/\/witczak.pl\/en\/wp-json\/wp\/v2\/comments?post=1832"}],"version-history":[{"count":11,"href":"https:\/\/witczak.pl\/en\/wp-json\/wp\/v2\/pages\/1832\/revisions"}],"predecessor-version":[{"id":2276,"href":"https:\/\/witczak.pl\/en\/wp-json\/wp\/v2\/pages\/1832\/revisions\/2276"}],"wp:attachment":[{"href":"https:\/\/witczak.pl\/en\/wp-json\/wp\/v2\/media?parent=1832"}],"curies":[{"name":"wp","href":"https:\/\/api.w.org\/{rel}","templated":true}]}}