{"id":1830,"date":"2024-08-14T12:45:34","date_gmt":"2024-08-14T10:45:34","guid":{"rendered":"http:\/\/new.witczak.pl\/?page_id=1830"},"modified":"2026-04-18T18:36:23","modified_gmt":"2026-04-18T16:36:23","slug":"doswiadczenie-doradcze","status":"publish","type":"page","link":"https:\/\/witczak.pl\/en\/doswiadczenie-doradcze\/","title":{"rendered":"Consulting experience"},"content":{"rendered":"<p class=\"has-black-color has-text-color has-link-color wp-elements-23a49ab6f548bdc6143485d08f822b62\"><strong>1. I advised<\/strong><\/p>\n\n\n\n<ul class=\"wp-block-list\">\n<li class=\"has-black-color has-text-color has-link-color wp-elements-b3ea83ea7428bce498878927b6ea68e3\">Minister of State Treasury<\/li>\n\n\n\n<li class=\"has-black-color has-text-color has-link-color wp-elements-5b6a0853ecdbce54e967ddc6a0ac2a85\">To local authorities and economic administration<\/li>\n\n\n\n<li class=\"has-black-color has-text-color has-link-color wp-elements-dcec8429e54e67872aec1bf1652425ba\">Businesses<\/li>\n<\/ul>\n\n\n\n<p class=\"has-black-color has-text-color has-link-color wp-elements-b9cbb9d6d999df8a67faad6ea3984cb1\"><strong>2. My more important experiences<\/strong> <strong>Advisory<\/strong> (1972 \u2013 2020)<\/p>\n\n\n\n<p class=\"has-black-color has-text-color has-link-color wp-elements-c34b95148da85e825f1f4f2ea428ca65\"><strong><em>2.1. Industry-specific<\/em><\/strong><\/p>\n\n\n\n<ul class=\"wp-block-list\">\n<li class=\"has-black-color has-text-color has-link-color wp-elements-eedfe90b49a0c4d2013833aad8316cd3\">Network systems, such as: gas supply, district heating, water supply and sewage. Healthcare; local government. Brewing corporations; salt mining (sodium chloride) and soda ash production.<\/li>\n\n\n\n<li class=\"has-black-color has-text-color has-link-color wp-elements-cbe1e8c9253549cf22fd7098d8a3e98e\"><span style=\"color: initial;\">Privatisation projects for enterprises and sectors carried out on behalf of the Ministers of the State Treasury<\/span><\/li>\n\n\n\n<li class=\"has-black-color has-text-color has-link-color wp-elements-73cf23557b7d1434bd406a89e8a60131\"><span style=\"color: initial;\">Projects funded by the European Union<\/span><\/li>\n\n\n\n<li class=\"has-black-color has-text-color has-link-color wp-elements-842fb0aa396d30091381f1c956a19648\"><span style=\"color: initial;\">Co-operation with municipal and city councils<\/span><\/li>\n\n\n\n<li class=\"has-black-color has-text-color has-link-color wp-elements-ee6dcb83366dc0d6325fdf3ab8cdc9f1\">Membership of company supervisory boards<\/li>\n<\/ul>\n\n\n\n<p class=\"has-black-color has-text-color has-link-color wp-elements-06b5d4e6b75134b7d1278033390e598d\"><strong><em>2.2. Subject Matter<\/em><\/strong><\/p>\n\n\n\n<ul class=\"wp-block-list\">\n<li class=\"has-black-color has-text-color has-link-color wp-elements-80e2fe8dfd95e0e4532a53fd48f93f0a\">Designing business and development strategy<\/li>\n\n\n\n<li class=\"has-black-color has-text-color has-link-color wp-elements-9cc91f4f401e1f700ce26ac5eef2d27d\"><span style=\"color: initial;\">Designing management systems, including organisational structures<\/span><\/li>\n\n\n\n<li class=\"has-black-color has-text-color has-link-color wp-elements-652ddf7955fdc2af979b8c0972220023\"><span style=\"color: initial;\">Strategic Human Capital Management Design<\/span><\/li>\n\n\n\n<li class=\"has-black-color has-text-color has-link-color wp-elements-d577e687d887f5ddccc078d445a65851\"><span style=\"color: initial;\">Managing the privatisation of enterprises<\/span><\/li>\n\n\n\n<li class=\"has-black-color has-text-color has-link-color wp-elements-404c183446ee8575cd5ef89295e77e57\"><span style=\"color: initial;\">Managing projects for private equity investors<\/span><\/li>\n\n\n\n<li class=\"has-black-color has-text-color has-link-color wp-elements-83315a702dfbf81574a24f1e94d092b2\">Managing negotiation teams<\/li>\n<\/ul>\n\n\n\n<p class=\"has-black-color has-text-color has-link-color wp-elements-0dcaed4fb6cee05cb0a5bce6203c4df4\"><strong><em>2.3. Roles held in projects<\/em><\/strong><\/p>\n\n\n\n<ul class=\"wp-block-list\">\n<li class=\"has-black-color has-text-color has-link-color wp-elements-b0c0322382014862e39a7e1989efc2ab\">Strategic Project Portfolio Management<\/li>\n\n\n\n<li class=\"has-black-color has-text-color has-link-color wp-elements-d3f449a5ab50aacfc17ddc88b9d53591\"><span style=\"color: initial;\">Project Manager and Supervisor<\/span><\/li>\n\n\n\n<li class=\"has-black-color has-text-color has-link-color wp-elements-1adbe1d88894c6204afdb82bd992c252\"><span style=\"color: initial;\">Project advisor<\/span><\/li>\n\n\n\n<li class=\"has-black-color has-text-color has-link-color wp-elements-102f0e9a8f95cf85d1c2f878279531d7\">Subject matter expert in projects according to acquired competencies<\/li>\n<\/ul>\n\n\n\n<p><\/p>","protected":false},"excerpt":{"rendered":"<p>1. Doradza\u0142em 2. Moje wa\u017cniejsze do\u015bwiadczenia doradcze (1972 \u2013 2020) 2.1. Bran\u017cowe 2.2. Przedmiotowe 2.3. Pe\u0142nione funkcje w projektach<\/p>","protected":false},"author":5,"featured_media":0,"parent":0,"menu_order":0,"comment_status":"closed","ping_status":"closed","template":"","meta":{"_acf_changed":false,"footnotes":""},"class_list":["post-1830","page","type-page","status-publish","hentry"],"acf":[],"_links":{"self":[{"href":"https:\/\/witczak.pl\/en\/wp-json\/wp\/v2\/pages\/1830","targetHints":{"allow":["GET"]}}],"collection":[{"href":"https:\/\/witczak.pl\/en\/wp-json\/wp\/v2\/pages"}],"about":[{"href":"https:\/\/witczak.pl\/en\/wp-json\/wp\/v2\/types\/page"}],"author":[{"embeddable":true,"href":"https:\/\/witczak.pl\/en\/wp-json\/wp\/v2\/users\/5"}],"replies":[{"embeddable":true,"href":"https:\/\/witczak.pl\/en\/wp-json\/wp\/v2\/comments?post=1830"}],"version-history":[{"count":11,"href":"https:\/\/witczak.pl\/en\/wp-json\/wp\/v2\/pages\/1830\/revisions"}],"predecessor-version":[{"id":2271,"href":"https:\/\/witczak.pl\/en\/wp-json\/wp\/v2\/pages\/1830\/revisions\/2271"}],"wp:attachment":[{"href":"https:\/\/witczak.pl\/en\/wp-json\/wp\/v2\/media?parent=1830"}],"curies":[{"name":"wp","href":"https:\/\/api.w.org\/{rel}","templated":true}]}}