{"id":1481,"date":"2022-02-03T23:29:23","date_gmt":"2022-02-03T22:29:23","guid":{"rendered":"http:\/\/new.witczak.pl\/?page_id=1481"},"modified":"2026-04-19T15:16:14","modified_gmt":"2026-04-19T13:16:14","slug":"blog-2","status":"publish","type":"page","link":"https:\/\/witczak.pl\/en\/blog-2\/","title":{"rendered":"Blog \/ The Heart of the Matter"},"content":{"rendered":"<p style=\"text-align: justify; color: black\">This website contains solely my personal views, for which I take full responsibility. There is no pre-determined list of issues that I consider important. These will emerge as time goes by and as I perceive the world around me.<\/p>\n\n\n\n<p style=\"text-align: justify; color: black\">The court rulings form the core of this website. They will be listed in chronological order, with the titles of the cases covered.<\/p>\n\n\n\n<ol class=\"wp-block-list has-black-color has-text-color has-link-color wp-elements-3f79250f0a0948ee92f8b2b355caa1c6\">\n<li><a href=\"http:\/\/new.witczak.pl\/wp-content\/uploads\/2025\/02\/Uwagi-o-systemie-zarzadzania-krajem.pdf\">Comments on the system of national governance<\/a><\/li>\n\n\n\n<li><a href=\"http:\/\/new.witczak.pl\/wp-content\/uploads\/2025\/02\/Jak-walczyc-z-bieda.pdf\">How to defeat poverty<\/a><\/li>\n\n\n\n<li><a href=\"http:\/\/new.witczak.pl\/wp-content\/uploads\/2026\/04\/Panstwo-prawa.pdf\">Rule of law<\/a><\/li>\n\n\n\n<li><a href=\"http:\/\/new.witczak.pl\/wp-content\/uploads\/2025\/02\/Cywilizacja-ludzka-i-ziemia.pdf\">Human civilisation and the Earth<\/a><\/li>\n\n\n\n<li><a href=\"http:\/\/new.witczak.pl\/wp-content\/uploads\/2025\/02\/Wiedza-jako-wartosc.pdf\">Knowledge as a value<\/a><\/li>\n\n\n\n<li><a href=\"http:\/\/new.witczak.pl\/wp-content\/uploads\/2025\/02\/Obywatel-Demokracja-Federacja.pdf\">The Citizen, Democracy and the Democratic Federation<\/a><\/li>\n\n\n\n<li><a href=\"http:\/\/new.witczak.pl\/wp-content\/uploads\/2025\/02\/HW-Wybrane-problemy-systemu-zarzadzania-politycznego.pdf\">Selected issues in the political management system<\/a><\/li>\n\n\n\n<li><a href=\"http:\/\/new.witczak.pl\/wp-content\/uploads\/2025\/02\/HW-Obywatel-wyborca-w-Polsce-AD-2019-1.pdf\">The citizen-voter in Poland in 2019<\/a><\/li>\n\n\n\n<li><a href=\"http:\/\/new.witczak.pl\/wp-content\/uploads\/2025\/02\/Konsolidacja-Obywatelska.pdf\">Civic Consolidation<\/a><\/li>\n\n\n\n<li><a href=\"http:\/\/new.witczak.pl\/wp-content\/uploads\/2025\/02\/Jeszcze-o-wartosciach.pdf\">A few more words on values<\/a><\/li>\n\n\n\n<li><a href=\"http:\/\/new.witczak.pl\/wp-content\/uploads\/2025\/02\/O-pewnych-relacjach-spolecznych-z-punktu-widzenia-zarzadzania.pdf\">On certain social relationships from a management perspective<\/a><\/li>\n\n\n\n<li><a href=\"http:\/\/new.witczak.pl\/wp-content\/uploads\/2025\/02\/Poziomy-integracji-systemow-a-UE.pdf\">Levels of system integration and the EU<\/a><\/li>\n<\/ol>","protected":false},"excerpt":{"rendered":"<p>Strona ta zawiera wy\u0142\u0105cznie moje osobiste pogl\u0105dy, za kt\u00f3re bior\u0119 zupe\u0142n\u0105 odpowiedzialno\u015b\u0107. Nie ma z g\u00f3ry ustalonego katalogu spraw, kt\u00f3re uwa\u017cam za istotne. B\u0119d\u0105 si\u0119 one pojawia\u0142y stosownie do up\u0142ywu czasu i postrzegania otoczenia. S\u0105dy s\u0105 rdzeniem tej strony. Pojawia\u0107 si\u0119 b\u0119d\u0105 chronologicznie, z podaniem tytu\u0142u\u00a0podejmowanych zagadnie\u0144.<\/p>","protected":false},"author":1,"featured_media":0,"parent":0,"menu_order":0,"comment_status":"closed","ping_status":"closed","template":"","meta":{"_acf_changed":false,"footnotes":""},"class_list":["post-1481","page","type-page","status-publish","hentry"],"acf":[],"_links":{"self":[{"href":"https:\/\/witczak.pl\/en\/wp-json\/wp\/v2\/pages\/1481","targetHints":{"allow":["GET"]}}],"collection":[{"href":"https:\/\/witczak.pl\/en\/wp-json\/wp\/v2\/pages"}],"about":[{"href":"https:\/\/witczak.pl\/en\/wp-json\/wp\/v2\/types\/page"}],"author":[{"embeddable":true,"href":"https:\/\/witczak.pl\/en\/wp-json\/wp\/v2\/users\/1"}],"replies":[{"embeddable":true,"href":"https:\/\/witczak.pl\/en\/wp-json\/wp\/v2\/comments?post=1481"}],"version-history":[{"count":9,"href":"https:\/\/witczak.pl\/en\/wp-json\/wp\/v2\/pages\/1481\/revisions"}],"predecessor-version":[{"id":2303,"href":"https:\/\/witczak.pl\/en\/wp-json\/wp\/v2\/pages\/1481\/revisions\/2303"}],"wp:attachment":[{"href":"https:\/\/witczak.pl\/en\/wp-json\/wp\/v2\/media?parent=1481"}],"curies":[{"name":"wp","href":"https:\/\/api.w.org\/{rel}","templated":true}]}}