{"id":1193,"date":"2017-11-10T14:08:51","date_gmt":"2017-11-10T14:08:51","guid":{"rendered":"http:\/\/tag_link_site_url\/mesmerize\/"},"modified":"2026-04-18T18:18:08","modified_gmt":"2026-04-18T16:18:08","slug":"mesmerize","status":"publish","type":"page","link":"https:\/\/witczak.pl\/en\/","title":{"rendered":"Strona g\u0142\u00f3wna"},"content":{"rendered":"<div data-elementor-type=\"wp-page\" data-elementor-id=\"1193\" class=\"elementor elementor-1193\">\n\t\t\t\t\t\t<section class=\"elementor-section elementor-top-section elementor-element elementor-element-1f51105 elementor-section-height-min-height elementor-section-boxed elementor-section-height-default elementor-section-items-middle\" data-id=\"1f51105\" data-element_type=\"section\" data-e-type=\"section\">\n\t\t\t\t\t\t<div class=\"elementor-container elementor-column-gap-wider\">\n\t\t\t\t\t<div class=\"elementor-column elementor-col-50 elementor-top-column elementor-element elementor-element-cd0fdcf\" data-id=\"cd0fdcf\" data-element_type=\"column\" data-e-type=\"column\">\n\t\t\t<div class=\"elementor-widget-wrap elementor-element-populated\">\n\t\t\t\t\t\t<div class=\"elementor-element elementor-element-78777f2 elementor-widget elementor-widget-heading\" data-id=\"78777f2\" data-element_type=\"widget\" data-e-type=\"widget\" data-widget_type=\"heading.default\">\n\t\t\t\t<div class=\"elementor-widget-container\">\n\t\t\t\t\t<h6 class=\"elementor-heading-title elementor-size-default\">Who I am<\/h6>\t\t\t\t<\/div>\n\t\t\t\t<\/div>\n\t\t\t\t<div class=\"elementor-element elementor-element-46f9d66 elementor-widget elementor-widget-heading\" data-id=\"46f9d66\" data-element_type=\"widget\" data-e-type=\"widget\" data-widget_type=\"heading.default\">\n\t\t\t\t<div class=\"elementor-widget-container\">\n\t\t\t\t\t<h2 class=\"elementor-heading-title elementor-size-default\">Hubert Witczak<\/h2>\t\t\t\t<\/div>\n\t\t\t\t<\/div>\n\t\t\t\t<div class=\"elementor-element elementor-element-212f411 elementor-widget__width-initial elementor-widget elementor-widget-heading\" data-id=\"212f411\" data-element_type=\"widget\" data-e-type=\"widget\" data-widget_type=\"heading.default\">\n\t\t\t\t<div class=\"elementor-widget-container\">\n\t\t\t\t\t<h2 class=\"elementor-heading-title elementor-size-default\">Associate Professor of Economics <br> discipline: management studies\n<\/h2>\t\t\t\t<\/div>\n\t\t\t\t<\/div>\n\t\t\t\t<div class=\"elementor-element elementor-element-84f30fb elementor-widget-divider--view-line elementor-widget elementor-widget-divider\" data-id=\"84f30fb\" data-element_type=\"widget\" data-e-type=\"widget\" data-widget_type=\"divider.default\">\n\t\t\t\t<div class=\"elementor-widget-container\">\n\t\t\t\t\t\t\t<div class=\"elementor-divider\">\n\t\t\t<span class=\"elementor-divider-separator\">\n\t\t\t\t\t\t<\/span>\n\t\t<\/div>\n\t\t\t\t\t\t<\/div>\n\t\t\t\t<\/div>\n\t\t\t\t<div class=\"elementor-element elementor-element-10b142b elementor-widget elementor-widget-text-editor\" data-id=\"10b142b\" data-element_type=\"widget\" data-e-type=\"widget\" data-widget_type=\"text-editor.default\">\n\t\t\t\t<div class=\"elementor-widget-container\">\n\t\t\t\t\t\t\t\t\t<p>I was born in Jarocin, in the Wielkopolska region. Until I was 11, I spent my time playing, studying and helping out a little on my parents\u2019 farm. During my time at primary and secondary school (1955\u20131962), I owe the most to Monika Bonowicz (Bie\u017adziad\u00f3w) and Jan Kowalski (\u017berk\u00f3w). At Technical College of Chemistry No. 2 in Pozna\u0144 (1962\u20131967), I am indebted to my form tutor, Zenon Kaczmarek. This life path gave me the potential and the opportunity to pursue higher education. I owe my fascination with issues of organisation and praxeology to Prof. J. Boroni. The field of management in the broadest sense became my passion and the path of my professional career.<\/p><p>The background of the page features a view of the palace in \u015amie\u0142\u00f3w<a href=\"https:\/\/mnp.art.pl\/muzeum-a-mickiewicza-w-smielowie\">https:\/\/mnp.art.pl\/muzeum-a-mickiewicza-w-smielowie<\/a>It houses the A. Mickiewicz Museum, one of only three in the world that are open all year round (the others being in Paris and Istanbul). \u015amie\u0142\u00f3w is less than 5 km from \u017berk\u00f3w, the area where I come from (Bie\u017adziad\u00f3w).<\/p><p>Whatever I have done and continue to do, in every field, stems from a passion. In that respect, I am a lucky man. Also because, when I look in the mirror in the morning, I feel no anxiety, disgust or any other equally unpleasant emotions.<\/p><p><strong>I hope you have a great stay!<\/strong><\/p>\t\t\t\t\t\t\t\t<\/div>\n\t\t\t\t<\/div>\n\t\t\t\t\t<\/div>\n\t\t<\/div>\n\t\t\t\t<div class=\"elementor-column elementor-col-50 elementor-top-column elementor-element elementor-element-4334392\" data-id=\"4334392\" data-element_type=\"column\" data-e-type=\"column\">\n\t\t\t<div class=\"elementor-widget-wrap elementor-element-populated\">\n\t\t\t\t\t\t<div class=\"elementor-element elementor-element-1824b60 elementor-widget elementor-widget-image\" data-id=\"1824b60\" data-element_type=\"widget\" data-e-type=\"widget\" data-widget_type=\"image.default\">\n\t\t\t\t<div class=\"elementor-widget-container\">\n\t\t\t\t\t\t\t\t\t\t\t\t\t\t\t<img fetchpriority=\"high\" decoding=\"async\" width=\"650\" height=\"722\" src=\"http:\/\/new.witczak.pl\/wp-content\/uploads\/2024\/08\/portrait-fixed.jpg\" class=\"attachment-large size-large wp-image-1825\" alt=\"\" srcset=\"http:\/\/new.witczak.pl\/wp-content\/uploads\/2024\/08\/portrait-fixed.jpg 650w, http:\/\/new.witczak.pl\/wp-content\/uploads\/2024\/08\/portrait-fixed-270x300.jpg 270w, http:\/\/new.witczak.pl\/wp-content\/uploads\/2024\/08\/portrait-fixed-11x12.jpg 11w\" sizes=\"(max-width: 650px) 100vw, 650px\" \/>\t\t\t\t\t\t\t\t\t\t\t\t\t\t\t<\/div>\n\t\t\t\t<\/div>\n\t\t\t\t\t<\/div>\n\t\t<\/div>\n\t\t\t\t\t<\/div>\n\t\t<\/section>\n\t\t\t\t<\/div>","protected":false},"excerpt":{"rendered":"<p>Kim jestem Hubert Witczak Doktor habilitowany nauk ekonomicznych dyscyplina: nauki o zarz\u0105dzaniu Urodzi\u0142em si\u0119 w Jarocinie, Wielkopolskie. Do 11 roku \u017cycia bawi\u0142em si\u0119, uczy\u0142em si\u0119 i pomaga\u0142em co nieco w gospodarstwie rolnym Rodzic\u00f3w. W szko\u0142ach powszechnych (1955\u20131962) najwi\u0119cej zawdzi\u0119czam Monice Bonowicz (Bie\u017adziad\u00f3w) i Janowi Kowalskiemu (\u017berk\u00f3w). W Technikum Chemicznym nr 2 w Poznaniu (1962\u20131967) \u2013&hellip; <br \/> <a class=\"read-more\" href=\"https:\/\/witczak.pl\/en\/\">Read more<\/a><\/p>","protected":false},"author":1,"featured_media":1217,"parent":0,"menu_order":0,"comment_status":"closed","ping_status":"closed","template":"page-templates\/homepage.php","meta":{"_acf_changed":false,"footnotes":""},"class_list":["post-1193","page","type-page","status-publish","has-post-thumbnail","hentry"],"acf":[],"_links":{"self":[{"href":"https:\/\/witczak.pl\/en\/wp-json\/wp\/v2\/pages\/1193","targetHints":{"allow":["GET"]}}],"collection":[{"href":"https:\/\/witczak.pl\/en\/wp-json\/wp\/v2\/pages"}],"about":[{"href":"https:\/\/witczak.pl\/en\/wp-json\/wp\/v2\/types\/page"}],"author":[{"embeddable":true,"href":"https:\/\/witczak.pl\/en\/wp-json\/wp\/v2\/users\/1"}],"replies":[{"embeddable":true,"href":"https:\/\/witczak.pl\/en\/wp-json\/wp\/v2\/comments?post=1193"}],"version-history":[{"count":167,"href":"https:\/\/witczak.pl\/en\/wp-json\/wp\/v2\/pages\/1193\/revisions"}],"predecessor-version":[{"id":2265,"href":"https:\/\/witczak.pl\/en\/wp-json\/wp\/v2\/pages\/1193\/revisions\/2265"}],"wp:featuredmedia":[{"embeddable":true,"href":"https:\/\/witczak.pl\/en\/wp-json\/wp\/v2\/media\/1217"}],"wp:attachment":[{"href":"https:\/\/witczak.pl\/en\/wp-json\/wp\/v2\/media?parent=1193"}],"curies":[{"name":"wp","href":"https:\/\/api.w.org\/{rel}","templated":true}]}}